{"id":11,"date":"2020-10-11T11:30:18","date_gmt":"2020-10-11T11:30:18","guid":{"rendered":"http:\/\/codex-themes.com\/thegem\/sites\/business-consulting-02\/?page_id=11"},"modified":"2026-02-16T07:18:11","modified_gmt":"2026-02-16T07:18:11","slug":"about","status":"publish","type":"page","link":"https:\/\/mjmavocat.com\/fr\/about\/","title":{"rendered":"\u00c0 propos de MJM"},"content":{"rendered":"<div class=\"wpb-content-wrapper\"><div id=\"vc_row-69efb8849d39c\" class=\"vc_row wpb_row vc_row-fluid thegem-custom-69efb8849d3794931\"><div class=\"wpb_column vc_column_container vc_col-sm-12 vc_col-lg-12 vc_hidden-md vc_hidden-sm thegem-custom-69efb8849d6fa6868\" ><div class=\"vc_column-inner thegem-custom-inner-69efb8849d6fe\"><div class=\"wpb_wrapper thegem-custom-69efb8849d6fa6868\"><div class=\"clearboth\"><\/div><style>#thegem-divider-69efb8849d9a8 {margin-top: 110px !important;}<\/style><div id=\"thegem-divider-69efb8849d9a8\" class=\"gem-divider\" style=\"\" ><\/div><\/div><\/div><\/div><div class=\"wpb_column vc_column_container vc_col-sm-12 vc_hidden-lg vc_col-md-12 vc_col-xs-12 thegem-custom-69efb8849dbb21850\" ><div class=\"vc_column-inner thegem-custom-inner-69efb8849dbb5\"><div class=\"wpb_wrapper thegem-custom-69efb8849dbb21850\"><div class=\"clearboth\"><\/div><style>#thegem-divider-69efb8849dc6a {margin-top: 30px !important;}<\/style><div id=\"thegem-divider-69efb8849dc6a\" class=\"gem-divider\" style=\"\" ><\/div><\/div><\/div><\/div><div class=\"wpb_column vc_column_container vc_col-sm-10 vc_col-lg-offset-0 vc_col-lg-6 vc_col-md-offset-0 vc_col-md-6 vc_col-sm-offset-2 vc_col-xs-12 thegem-custom-69efb8849de206625\" ><div class=\"vc_column-inner thegem-custom-inner-69efb8849de23\"><div class=\"wpb_wrapper thegem-custom-69efb8849de206625\"><div class=\"gem-image gem-wrapbox gem-wrapbox-style-default gem-wrapbox-position-left lazy-loading  thegem-custom-69efb8849def14934\"  style=\"\" ><div class=\"gem-wrapbox-inner  lazy-loading-item\"  data-ll-effect=\"move-up\"><img class=\"gem-wrapbox-element img-responsive\" src=\"https:\/\/mjmavocat.com\/wp-content\/uploads\/2023\/01\/Mahdi-Jai-Mansouri-1.jpg\" alt=\"\"\/><\/div><\/div><\/div><\/div><\/div><div class=\"wpb_column vc_column_container vc_col-sm-12 vc_col-lg-6 vc_col-md-6 vc_col-xs-12 thegem-custom-69efb8849e5644147\" ><div class=\"vc_column-inner thegem-custom-inner-69efb8849e567\"><div class=\"wpb_wrapper thegem-custom-69efb8849e5644147\"><div class=\"vc_row wpb_row vc_inner vc_row-fluid thegem-custom-69efb8849e9307750 custom-inner-column-69efb8849e93c\" ><div class=\"wpb_column vc_column_container vc_col-sm-12 thegem-custom-69efb8849ebcc2641\"><div class=\"vc_column-inner thegem-custom-inner-69efb8849ebcf\"><div class=\"wpb_wrapper thegem-custom-69efb8849ebcc2641\">\r\n\t\r\n\t\t<div class=\"wpb_text_column wpb_content_element  wpb_animate_when_almost_visible wpb_bottom-to-top bottom-to-top thegem-vc-text thegem-custom-69efb8849edcb8308\"  >\r\n\t\t\t<div class=\"wpb_wrapper\">\r\n\t\t\t\t<div class=\"title-h6\" style=\"text-transform: uppercase;\"><span style=\"color: #e1ac53;\">\u00e0 propos de nous<\/span><\/div>\n\r\n\t\t\t<\/div>\r\n\t\t\t<style>@media screen and (max-width: 1023px) {.thegem-vc-text.thegem-custom-69efb8849edcb8308{display: block!important;}}@media screen and (max-width: 767px) {.thegem-vc-text.thegem-custom-69efb8849edcb8308{display: block!important;}}@media screen and (max-width: 1023px) {.thegem-vc-text.thegem-custom-69efb8849edcb8308{position: relative !important;}}@media screen and (max-width: 767px) {.thegem-vc-text.thegem-custom-69efb8849edcb8308{position: relative !important;}}<\/style>\r\n\t\t<\/div>\r\n\t\r\n<\/div><\/div><\/div><div class=\"wpb_column vc_column_container vc_col-sm-12 vc_col-lg-12 vc_col-md-12 vc_hidden-sm vc_hidden-xs thegem-custom-69efb8849efdd5310\"><div class=\"vc_column-inner thegem-custom-inner-69efb8849efdf\"><div class=\"wpb_wrapper thegem-custom-69efb8849efdd5310\"><div class=\"clearboth\"><\/div><style>#thegem-divider-69efb8849f04b {margin-top: 20px !important;}<\/style><div id=\"thegem-divider-69efb8849f04b\" class=\"gem-divider\" style=\"\" ><\/div><\/div><\/div><\/div><div class=\"wpb_column vc_column_container vc_col-sm-12 thegem-custom-69efb8849f1634482\"><div class=\"vc_column-inner thegem-custom-inner-69efb8849f164\"><div class=\"wpb_wrapper thegem-custom-69efb8849f1634482\">\r\n\t\r\n\t\t<div class=\"wpb_text_column wpb_content_element  wpb_animate_when_almost_visible wpb_bottom-to-top bottom-to-top thegem-vc-text thegem-custom-69efb8849f2604820\"  >\r\n\t\t\t<div class=\"wpb_wrapper\">\r\n\t\t\t\t<div class=\"title-h4\">MJM AVOCATS FISCALISTES INC.<\/div>\n\r\n\t\t\t<\/div>\r\n\t\t\t<style>@media screen and (max-width: 1023px) {.thegem-vc-text.thegem-custom-69efb8849f2604820{display: block!important;}}@media screen and (max-width: 767px) {.thegem-vc-text.thegem-custom-69efb8849f2604820{display: block!important;}}@media screen and (max-width: 1023px) {.thegem-vc-text.thegem-custom-69efb8849f2604820{position: relative !important;}}@media screen and (max-width: 767px) {.thegem-vc-text.thegem-custom-69efb8849f2604820{position: relative !important;}}<\/style>\r\n\t\t<\/div>\r\n\t\r\n<\/div><\/div><\/div><div class=\"wpb_column vc_column_container vc_col-sm-12 vc_col-lg-12 vc_col-md-12 vc_hidden-sm vc_hidden-xs thegem-custom-69efb8849f3f38008\"><div class=\"vc_column-inner thegem-custom-inner-69efb8849f3f4\"><div class=\"wpb_wrapper thegem-custom-69efb8849f3f38008\"><div class=\"clearboth\"><\/div><style>#thegem-divider-69efb8849f455 {margin-top: 30px !important;}<\/style><div id=\"thegem-divider-69efb8849f455\" class=\"gem-divider\" style=\"\" ><\/div><\/div><\/div><\/div><\/div><div class=\"vc_row wpb_row vc_inner vc_row-fluid thegem-custom-69efb8849f608542 custom-inner-column-69efb8849f60f\" ><div class=\"wpb_column vc_column_container vc_col-sm-2 thegem-custom-69efb8849f7834990 disable-custom-paggings-mobile\"><div class=\"vc_column-inner thegem-custom-inner-69efb8849f784 vc_custom_1603185862828\"><div class=\"wpb_wrapper thegem-custom-69efb8849f7834990\"><div class=\"clearboth\"><\/div><style>#thegem-divider-69efb8849f7e9 {margin-top: 11px !important;}<\/style><div id=\"thegem-divider-69efb8849f7e9\" class=\"gem-divider\" style=\"\" ><\/div><div class=\"clearboth\"><\/div><div id=\"thegem-divider-69efb8849f802\" class=\"gem-divider   gem-divider-style-2\" style=\"border-color: #e1ac53;\" ><\/div><\/div><\/div><\/div><div class=\"wpb_column vc_column_container vc_col-sm-10 thegem-custom-69efb8849f90c8854 disable-custom-paggings-tablet disable-custom-paggings-mobile\"><div class=\"vc_column-inner thegem-custom-inner-69efb8849f90d vc_custom_1603177981334\"><div class=\"wpb_wrapper thegem-custom-69efb8849f90c8854\">\r\n\t\r\n\t\t<div class=\"wpb_text_column wpb_content_element  wpb_animate_when_almost_visible wpb_bottom-to-top bottom-to-top thegem-vc-text thegem-custom-69efb8849f9fb6471\"  >\r\n\t\t\t<div class=\"wpb_wrapper\">\r\n\t\t\t\t<p style=\"text-align: justify;\"><b>Fond\u00e9 par Me Mahdi Jai-Mansouri, MJM Avocats Fiscalistes inc. est un cabinet boutique qui se sp\u00e9cialise en droit fiscal et en droit des affaires. Notre approche vise \u00e0 accompagner et conseiller nos clients dans leurs diff\u00e9rents projets afin qu\u2019ils puissent entre autres maximiser les avantages fiscaux offerts par les lois fiscales en vigueur.<\/b><\/p>\n<p style=\"text-align: justify;\"><b>Membre du Barreau du Qu\u00e9bec depuis 2017, Mahdi Jai-Mansouri a d\u00e9but\u00e9 sa carri\u00e8re au sein d\u2019importants cabinets du Grand Montr\u00e9al. Sa pratique est orient\u00e9e sur les r\u00e9organisations corporatives, la planification fiscale et successorale, les mandats transactionnels, la protection d\u2019actifs et la cr\u00e9ation de fiducies. M. Jai-Mansouri a compl\u00e9t\u00e9 sa licence en droit civil (LL.L.) de l\u2019Universit\u00e9 d\u2019Ottawa en 2015 avec mention <\/b><b><i>honorifique cum laude<\/i><\/b><b>. Il figurait sur la liste du doyen de la Facult\u00e9 de droit civil en raison de l\u2019excellence de ses r\u00e9sultats acad\u00e9miques. Passionn\u00e9 par la fiscalit\u00e9, il a ensuite poursuivi ses \u00e9tudes en compl\u00e9tant une ma\u00eetrise en fiscalit\u00e9 \u00e0 l\u2019Universit\u00e9 de Sherbrooke.<\/b><\/p>\n\r\n\t\t\t<\/div>\r\n\t\t\t<style>@media screen and (max-width: 1023px) {.thegem-vc-text.thegem-custom-69efb8849f9fb6471{display: block!important;}}@media screen and (max-width: 767px) {.thegem-vc-text.thegem-custom-69efb8849f9fb6471{display: block!important;}}@media screen and (max-width: 1023px) {.thegem-vc-text.thegem-custom-69efb8849f9fb6471{position: relative !important;}}@media screen and (max-width: 767px) {.thegem-vc-text.thegem-custom-69efb8849f9fb6471{position: relative !important;}}<\/style>\r\n\t\t<\/div>\r\n\t\r\n<\/div><\/div><\/div><\/div><\/div><\/div><\/div><\/div><div class=\"vc_row-full-width-before\"><\/div><div id=\"vc_row-69efb8849fdb1\" data-vc-full-width=\"true\" data-vc-full-width-init=\"false\" class=\"vc_row wpb_row vc_row-fluid vc_custom_1587117496982 thegem-custom-69efb8849fda08113\"><script type=\"text\/javascript\">if (typeof(gem_fix_fullwidth_position) == \"function\") { gem_fix_fullwidth_position(document.getElementById(\"vc_row-69efb8849fdb1\")); }<\/script>\n<style>\n#vc_row-69efb8849fdb1 .vc_tta-color-grey.vc_tta-style-outline .vc_tta-tab>a{\n    color: #2c2e3d;\n}\n<\/style>\n<div class=\"wpb_column vc_column_container vc_col-sm-12 thegem-custom-69efb8849ff7c9847\" ><div class=\"vc_column-inner thegem-custom-inner-69efb8849ff7e\"><div class=\"wpb_wrapper thegem-custom-69efb8849ff7c9847\"><div class=\"clearboth\"><\/div><style>#thegem-divider-69efb884a0019 {margin-top: 35px !important;}<\/style><div id=\"thegem-divider-69efb884a0019\" class=\"gem-divider\" style=\"\" ><\/div>\r\n\t\r\n\t\t<div class=\"wpb_text_column wpb_content_element  thegem-vc-text thegem-custom-69efb884a00d24442\"  >\r\n\t\t\t<div class=\"wpb_wrapper\">\r\n\t\t\t\t<div class=\"title-h4\" style=\"text-align: center;\"><span style=\"color: #e1ac53;\"><b>Implications<\/b><\/span><\/div>\n\r\n\t\t\t<\/div>\r\n\t\t\t<style>@media screen and (max-width: 1023px) {.thegem-vc-text.thegem-custom-69efb884a00d24442{display: block!important;}}@media screen and (max-width: 767px) {.thegem-vc-text.thegem-custom-69efb884a00d24442{display: block!important;}}@media screen and (max-width: 1023px) {.thegem-vc-text.thegem-custom-69efb884a00d24442{position: relative !important;}}@media screen and (max-width: 767px) {.thegem-vc-text.thegem-custom-69efb884a00d24442{position: relative !important;}}<\/style>\r\n\t\t<\/div>\r\n\t\r\n<div class=\"clearboth\"><\/div><style>#thegem-divider-69efb884a015d {margin-top: 20px !important;}<\/style><div id=\"thegem-divider-69efb884a015d\" class=\"gem-divider\" style=\"\" ><\/div>\r\n\t\r\n\t\t<div class=\"wpb_text_column wpb_content_element  thegem-vc-text thegem-custom-69efb884a01e29538\"  >\r\n\t\t\t<div class=\"wpb_wrapper\">\r\n\t\t\t\t<div class=\"title-h2\" style=\"text-align: center;\"><span style=\"color: #000000;\"><b>Professionnelles<\/b><\/span><\/div>\n\r\n\t\t\t<\/div>\r\n\t\t\t<style>@media screen and (max-width: 1023px) {.thegem-vc-text.thegem-custom-69efb884a01e29538{display: block!important;}}@media screen and (max-width: 767px) {.thegem-vc-text.thegem-custom-69efb884a01e29538{display: block!important;}}@media screen and (max-width: 1023px) {.thegem-vc-text.thegem-custom-69efb884a01e29538{position: relative !important;}}@media screen and (max-width: 767px) {.thegem-vc-text.thegem-custom-69efb884a01e29538{position: relative !important;}}<\/style>\r\n\t\t<\/div>\r\n\t\r\n<div class=\"clearboth\"><\/div><style>#thegem-divider-69efb884a025d {margin-top: 25px !important;}#thegem-divider-69efb884a025d {margin-bottom: 45px !important;}<\/style><div id=\"thegem-divider-69efb884a025d\" class=\"gem-divider   gem-divider-style-2\" style=\"border-color: #e1ac53;\" ><\/div><div class=\"gem-list\" ><ul>\n<li class=\"title-h4\"><span style=\"font-weight: 400;\">Membre de l\u2019Association <\/span><span style=\"font-weight: 400;\">de planification fiscale et financi\u00e8re (APFF).<\/span><\/li>\n<li class=\"title-h4\"><span style=\"font-weight: 400;\">Membre du comit\u00e9 des activit\u00e9s r\u00e9gionales de l\u2019APFF pour la r\u00e9gion de Gatineau.<\/span><\/li>\n<\/ul>\n<\/div><\/div><\/div><\/div><\/div><div class=\"vc_row-full-width vc_clearfix\"><\/div><div id=\"vc_row-69efb884a04d2\" class=\"vc_row wpb_row vc_row-fluid thegem-custom-69efb884a04c62627\"><div class=\"wpb_column vc_column_container vc_col-sm-12 thegem-custom-69efb884a06426763\" ><div class=\"vc_column-inner thegem-custom-inner-69efb884a0644\"><div class=\"wpb_wrapper thegem-custom-69efb884a06426763\"><div class=\"clearboth\"><\/div><style>#thegem-divider-69efb884a06cd {margin-top: 60px !important;}<\/style><div id=\"thegem-divider-69efb884a06cd\" class=\"gem-divider\" style=\"\" ><\/div><\/div><\/div><\/div><\/div>\n<\/div>","protected":false},"excerpt":{"rendered":"","protected":false},"author":1,"featured_media":0,"parent":0,"menu_order":1,"comment_status":"closed","ping_status":"closed","template":"","meta":{"footnotes":""},"class_list":["post-11","page","type-page","status-publish"],"_links":{"self":[{"href":"https:\/\/mjmavocat.com\/fr\/wp-json\/wp\/v2\/pages\/11","targetHints":{"allow":["GET"]}}],"collection":[{"href":"https:\/\/mjmavocat.com\/fr\/wp-json\/wp\/v2\/pages"}],"about":[{"href":"https:\/\/mjmavocat.com\/fr\/wp-json\/wp\/v2\/types\/page"}],"author":[{"embeddable":true,"href":"https:\/\/mjmavocat.com\/fr\/wp-json\/wp\/v2\/users\/1"}],"replies":[{"embeddable":true,"href":"https:\/\/mjmavocat.com\/fr\/wp-json\/wp\/v2\/comments?post=11"}],"version-history":[{"count":54,"href":"https:\/\/mjmavocat.com\/fr\/wp-json\/wp\/v2\/pages\/11\/revisions"}],"predecessor-version":[{"id":4192,"href":"https:\/\/mjmavocat.com\/fr\/wp-json\/wp\/v2\/pages\/11\/revisions\/4192"}],"wp:attachment":[{"href":"https:\/\/mjmavocat.com\/fr\/wp-json\/wp\/v2\/media?parent=11"}],"curies":[{"name":"wp","href":"https:\/\/api.w.org\/{rel}","templated":true}]}}