{"id":1646,"date":"2020-11-12T11:04:31","date_gmt":"2020-11-12T11:04:31","guid":{"rendered":"http:\/\/democontent.codex-themes.com\/sites\/business-consulting-02\/?page_id=1646"},"modified":"2026-02-16T07:25:03","modified_gmt":"2026-02-16T07:25:03","slug":"tax-planning","status":"publish","type":"page","link":"https:\/\/mjmavocat.com\/fr\/services\/tax-planning\/","title":{"rendered":"Fiscalit\u00e9 et r\u00e9organisation corporative"},"content":{"rendered":"<div class=\"wpb-content-wrapper\"><div id=\"vc_row-69efb90660de3\" class=\"vc_row wpb_row vc_row-fluid thegem-custom-69efb90660dd39283 vc_row-o-content-top vc_row-flex\"><div class=\"wpb_column vc_column_container vc_col-sm-12 thegem-custom-69efb906610974817\" ><div class=\"vc_column-inner thegem-custom-inner-69efb90661099\"><div class=\"wpb_wrapper thegem-custom-69efb906610974817\"><div class=\"clearboth\"><\/div><style>#thegem-divider-69efb90661326 {margin-top: 140px !important;}<\/style><div id=\"thegem-divider-69efb90661326\" class=\"gem-divider\" style=\"\" ><\/div><\/div><\/div><\/div><div class=\"wpb_column vc_column_container vc_col-sm-12 vc_col-lg-6 vc_col-md-6 thegem-custom-69efb906614ec4765\" ><div class=\"vc_column-inner thegem-custom-inner-69efb906614ee vc_custom_1590571662912\"><div class=\"wpb_wrapper thegem-custom-69efb906614ec4765\"><div class=\"clearboth\"><\/div><style>#thegem-divider-69efb906615bb {margin-top: 20px !important;}<\/style><div id=\"thegem-divider-69efb906615bb\" class=\"gem-divider\" style=\"\" ><\/div>\r\n\t\r\n\t\t<div class=\"wpb_text_column wpb_content_element  thegem-vc-text thegem-custom-69efb906616e24861\"  >\r\n\t\t\t<div class=\"wpb_wrapper\">\r\n\t\t\t\t<div class=\"title-h3\">Fiscalit\u00e9 et r\u00e9organisation corporative<\/div>\n\r\n\t\t\t<\/div>\r\n\t\t\t<style>@media screen and (max-width: 1023px) {.thegem-vc-text.thegem-custom-69efb906616e24861{display: block!important;}}@media screen and (max-width: 767px) {.thegem-vc-text.thegem-custom-69efb906616e24861{display: block!important;}}@media screen and (max-width: 1023px) {.thegem-vc-text.thegem-custom-69efb906616e24861{position: relative !important;}}@media screen and (max-width: 767px) {.thegem-vc-text.thegem-custom-69efb906616e24861{position: relative !important;}}<\/style>\r\n\t\t<\/div>\r\n\t\r\n<div class=\"clearboth\"><\/div><style>#thegem-divider-69efb90661788 {margin-top: 30px !important;}<\/style><div id=\"thegem-divider-69efb90661788\" class=\"gem-divider\" style=\"\" ><\/div>\r\n\t\r\n\t\t<div class=\"wpb_text_column wpb_content_element  vc_custom_1636386943551 thegem-vc-text thegem-custom-69efb906618298269\"  >\r\n\t\t\t<div class=\"wpb_wrapper\">\r\n\t\t\t\t<div class=\"styled-subtitle\" style=\"text-align: justify;\">La fiscalit\u00e9 est un domaine complexe qui peut avoir des incidences importantes sur la r\u00e9ussite de toute entreprise ainsi que sur celle de ses actionnaires. Notre approche est de proposer une structure corporative et fiscale optimale qui saura r\u00e9pondre aux besoins de nos clients.<\/div>\n\r\n\t\t\t<\/div>\r\n\t\t\t<style>@media screen and (max-width: 1023px) {.thegem-vc-text.thegem-custom-69efb906618298269{display: block!important;}}@media screen and (max-width: 767px) {.thegem-vc-text.thegem-custom-69efb906618298269{display: block!important;}}@media screen and (max-width: 1023px) {.thegem-vc-text.thegem-custom-69efb906618298269{position: relative !important;}}@media screen and (max-width: 767px) {.thegem-vc-text.thegem-custom-69efb906618298269{position: relative !important;}}<\/style>\r\n\t\t<\/div>\r\n\t\r\n<div class=\"clearboth\"><\/div><style>#thegem-divider-69efb906618ad {margin-top: 30px !important;}#thegem-divider-69efb906618ad {margin-bottom: 30px !important;}<\/style><div id=\"thegem-divider-69efb906618ad\" class=\"gem-divider\" style=\"\" ><\/div><div class=\"vc_separator wpb_content_element vc_separator_align_center vc_sep_width_100 vc_sep_double vc_sep_border_width_3 vc_sep_pos_align_left vc_separator_no_text  wpb_content_element\"><span class=\"vc_sep_holder vc_sep_holder_l\"><span  style=\"border-color:#e1ac53;\" class=\"vc_sep_line\"><\/span><\/span><span class=\"vc_sep_holder vc_sep_holder_r\"><span  style=\"border-color:#e1ac53;\" class=\"vc_sep_line\"><\/span><\/span>\r\n<\/div><\/div><\/div><\/div><div class=\"wpb_column vc_column_container vc_col-sm-12 vc_col-lg-6 vc_col-md-6 thegem-custom-69efb90661d519652\" ><div class=\"vc_column-inner thegem-custom-inner-69efb90661d54 vc_custom_1590571667512\"><div class=\"wpb_wrapper thegem-custom-69efb90661d519652\"><div class=\"gem-image gem-wrapbox gem-wrapbox-style-default gem-wrapbox-position-below  thegem-custom-69efb90661e191164\"  style=\"\" ><div class=\"gem-wrapbox-inner\" ><img class=\"gem-wrapbox-element img-responsive\" src=\"https:\/\/mjmavocat.com\/wp-content\/uploads\/2021\/11\/mjm-avocat-.jpg\" alt=\"\"\/><\/div><\/div><\/div><\/div><\/div><div class=\"wpb_column vc_column_container vc_col-sm-12 thegem-custom-69efb9066234f2421\" ><div class=\"vc_column-inner thegem-custom-inner-69efb90662352\"><div class=\"wpb_wrapper thegem-custom-69efb9066234f2421\"><div class=\"clearboth\"><\/div><style>#thegem-divider-69efb9066240c {margin-top: 60px !important;}<\/style><div id=\"thegem-divider-69efb9066240c\" class=\"gem-divider\" style=\"\" ><\/div><\/div><\/div><\/div><\/div><div id=\"vc_row-69efb906625fc\" class=\"vc_row wpb_row vc_row-fluid thegem-custom-69efb906625f01578 vc_row-o-content-top vc_row-flex\">\n<style>\n.wpb-js-composer #vc_row-69efb906625fc .vc_tta.vc_general.vc_tta-accordion.vc_tta-style-simple_solid .vc_tta-panel+.vc_tta-panel {\n    border-top: 1px solid #dfe5e8;\n}\n<\/style>\n<div class=\"wpb_column vc_column_container vc_col-sm-12 vc_col-lg-6 vc_col-md-6 thegem-custom-69efb906628a98550\" ><div class=\"vc_column-inner thegem-custom-inner-69efb906628ab vc_custom_1590571756877\"><div class=\"wpb_wrapper thegem-custom-69efb906628a98550\"><div class=\"gem-image gem-wrapbox gem-wrapbox-style-default gem-wrapbox-position-below  thegem-custom-69efb9066298c7192\"  style=\"\" ><div class=\"gem-wrapbox-inner\" ><img class=\"gem-wrapbox-element img-responsive\" src=\"https:\/\/mjmavocat.com\/wp-content\/uploads\/2021\/11\/MJM-avocat-fiscalee.jpg\" alt=\"\"\/><\/div><\/div><\/div><\/div><\/div><div class=\"wpb_column vc_column_container vc_col-sm-12 vc_col-lg-6 vc_col-md-6 thegem-custom-69efb90662f1d1226\" ><div class=\"vc_column-inner thegem-custom-inner-69efb90662f20 vc_custom_1590571752497\"><div class=\"wpb_wrapper thegem-custom-69efb90662f1d1226\"><div class=\"gem-icon-with-title  gem-icon-with-title-icon-size-small\" ><div class=\"gem-icon-with-title-icon\"><div class=\"gem-icon gem-icon-pack-material gem-icon-size-small  gem-icon-shape-square gem-simple-icon\"  style=\"opacity: 1;\"><div class=\"gem-icon-inner\" style=\"\"><span class=\"gem-icon-half-1\" style=\"color: #e1ac53;\"><span class=\"back-angle\">&#xf1b7;<\/span><\/span><span class=\"gem-icon-half-2\" style=\"color: #e1ac53;\"><span class=\"back-angle\">&#xf1b7;<\/span><\/span><\/div><\/div><\/div><div class=\"gem-iconed-title\"><h4 style=\"\">Nos services comprennent notamment:<\/h4><\/div><\/div><div class=\"clearboth\"><\/div><style>#thegem-divider-69efb90663103 {margin-top: 15px !important;}<\/style><div id=\"thegem-divider-69efb90663103\" class=\"gem-divider\" style=\"\" ><\/div><div class=\"gem-list\" ><ul>\n<li style=\"font-weight: 400;\" aria-level=\"1\"><span style=\"font-weight: 400;\">Incorporation et organisation de soci\u00e9t\u00e9s (soci\u00e9t\u00e9 par actions, soci\u00e9t\u00e9 de personnes, associations, etc.);<\/span><\/li>\n<li style=\"font-weight: 400;\" aria-level=\"1\"><span style=\"font-weight: 400;\">Fiducies;<\/span><\/li>\n<li style=\"font-weight: 400;\" aria-level=\"1\"><span style=\"font-weight: 400;\">R\u00e9organisation corporative;<\/span><\/li>\n<li style=\"font-weight: 400;\" aria-level=\"1\"><span style=\"font-weight: 400;\">Protection d'actif;<\/span><\/li>\n<li style=\"font-weight: 400;\" aria-level=\"1\"><span style=\"font-weight: 400;\">Planification fiscale et successorale;<\/span><\/li>\n<li style=\"font-weight: 400;\" aria-level=\"1\"><span style=\"font-weight: 400;\">Rel\u00e8ve d'entreprise;<\/span><\/li>\n<li style=\"font-weight: 400;\" aria-level=\"1\"><span style=\"font-weight: 400;\">R\u00e9vision et production de T1, T2 et T3;<\/span><\/li>\n<li style=\"font-weight: 400;\" aria-level=\"1\"><span style=\"font-weight: 400;\">Testament et mandat en cas d\u2019inaptitude.<\/span><\/li>\n<\/ul>\n<\/div><\/div><\/div><\/div><\/div><div id=\"vc_row-69efb90663501\" class=\"vc_row wpb_row vc_row-fluid thegem-custom-69efb906634f56008 vc_row-o-content-top vc_row-flex\">\n<style>\n.wpb-js-composer #vc_row-69efb90663501 .vc_tta.vc_general.vc_tta-accordion.vc_tta-style-simple_solid .vc_tta-panel+.vc_tta-panel {\n    border-top: 1px solid #dfe5e8;\n}\n<\/style>\n<div class=\"wpb_column vc_column_container vc_col-sm-6 thegem-custom-69efb906637539376\" ><div class=\"vc_column-inner thegem-custom-inner-69efb90663756\"><div class=\"wpb_wrapper thegem-custom-69efb906637539376\"><div class=\"clearboth\"><\/div><div id=\"thegem-divider-69efb9066381f\" class=\"gem-divider\" style=\"\" ><\/div><\/div><\/div><\/div><div class=\"wpb_column vc_column_container vc_col-sm-6 thegem-custom-69efb906639ee6234\" ><div class=\"vc_column-inner thegem-custom-inner-69efb906639f0\"><div class=\"wpb_wrapper thegem-custom-69efb906639ee6234\"><div class=\"vc_separator wpb_content_element vc_separator_align_center vc_sep_width_100 vc_sep_double vc_sep_border_width_2 vc_sep_pos_align_right vc_separator_no_text  wpb_content_element\"><span class=\"vc_sep_holder vc_sep_holder_l\"><span  style=\"border-color:#e1ac53;\" class=\"vc_sep_line\"><\/span><\/span><span class=\"vc_sep_holder vc_sep_holder_r\"><span  style=\"border-color:#e1ac53;\" class=\"vc_sep_line\"><\/span><\/span>\r\n<\/div><\/div><\/div><\/div><\/div><div class=\"vc_row-full-width-before\"><\/div><div id=\"vc_row-69efb90663f2b\" data-vc-full-width=\"true\" data-vc-full-width-init=\"false\" data-vc-stretch-content=\"true\" class=\"vc_row wpb_row vc_row-fluid vc_custom_1589896342369 thegem-custom-69efb90663f186217 vc_row-no-padding vc_row-o-equal-height vc_row-o-content-bottom vc_row-flex\"><script type=\"text\/javascript\">if (typeof(gem_fix_fullwidth_position) == \"function\") { gem_fix_fullwidth_position(document.getElementById(\"vc_row-69efb90663f2b\")); }<\/script>\n<style>\n@media (max-width: 1199px){\n    #vc_row-69efb90663f2b.wpb_row>*, \n    .wpb_row>* {\n         margin-top: 0;\n    }\n}\n<\/style>\n<div class=\"wpb_column vc_column_container vc_col-sm-12 vc_col-lg-6 vc_col-md-12 thegem-custom-69efb906642041203 vc_col-has-fill\" ><div class=\"vc_column-inner thegem-custom-inner-69efb90664207 vc_custom_1636333332172\"><div class=\"wpb_wrapper thegem-custom-69efb906642041203\"><div class=\"vc_row wpb_row vc_inner vc_row-fluid thegem-custom-69efb906645c82369 custom-inner-column-69efb906645d7\" ><div class=\"wpb_column vc_column_container vc_col-sm-12 thegem-custom-69efb906648834194 disable-custom-paggings-mobile\"><div class=\"vc_column-inner thegem-custom-inner-69efb90664885 vc_custom_1589896347435\"><div class=\"wpb_wrapper thegem-custom-69efb906648834194\"><div class=\"clearboth\"><\/div><style>#thegem-divider-69efb90664960 {margin-top: 130px !important;}<\/style><div id=\"thegem-divider-69efb90664960\" class=\"gem-divider\" style=\"\" ><\/div>\r\n\t\r\n\t\t<div class=\"wpb_text_column wpb_content_element  thegem-vc-text thegem-custom-69efb90664a776336\"  >\r\n\t\t\t<div class=\"wpb_wrapper\">\r\n\t\t\t\t<div class=\"title-h1\"><span style=\"color: #ffffff;\">Plus de services<\/span><\/div>\n\r\n\t\t\t<\/div>\r\n\t\t\t<style>@media screen and (max-width: 1023px) {.thegem-vc-text.thegem-custom-69efb90664a776336{display: block!important;}}@media screen and (max-width: 767px) {.thegem-vc-text.thegem-custom-69efb90664a776336{display: block!important;}}@media screen and (max-width: 1023px) {.thegem-vc-text.thegem-custom-69efb90664a776336{position: relative !important;}}@media screen and (max-width: 767px) {.thegem-vc-text.thegem-custom-69efb90664a776336{position: relative !important;}}<\/style>\r\n\t\t<\/div>\r\n\t\r\n<div class=\"clearboth\"><\/div><style>#thegem-divider-69efb90664b3d {margin-top: 45px !important;}<\/style><div id=\"thegem-divider-69efb90664b3d\" class=\"gem-divider\" style=\"\" ><\/div>\r\n\t\r\n\t\t<div class=\"wpb_text_column wpb_content_element  thegem-vc-text thegem-custom-69efb90664c197419\"  >\r\n\t\t\t<div class=\"wpb_wrapper\">\r\n\t\t\t\t<div class=\"styled-subtitle\"><span style=\"color: #ffffff;\">Consultez les autres services propos\u00e9s par MJM Avocats Fiscalistes Inc. ou contactez-nous directement pour une consultation.<\/span><\/div>\n\r\n\t\t\t<\/div>\r\n\t\t\t<style>@media screen and (max-width: 1023px) {.thegem-vc-text.thegem-custom-69efb90664c197419{display: block!important;}}@media screen and (max-width: 767px) {.thegem-vc-text.thegem-custom-69efb90664c197419{display: block!important;}}@media screen and (max-width: 1023px) {.thegem-vc-text.thegem-custom-69efb90664c197419{position: relative !important;}}@media screen and (max-width: 767px) {.thegem-vc-text.thegem-custom-69efb90664c197419{position: relative !important;}}<\/style>\r\n\t\t<\/div>\r\n\t\r\n<div class=\"clearboth\"><\/div><style>#thegem-divider-69efb90664cd4 {margin-top: 50px !important;}<\/style><div id=\"thegem-divider-69efb90664cd4\" class=\"gem-divider\" style=\"\" ><\/div><style type=\"text\/css\">.thegem-button-69efb90664de32638 .gem-button svg {fill: #e1ac53;}.thegem-button-69efb90664de32638 .gem-button:hover svg {fill: #ffffff;}<\/style><div class=\"gem-button-container gem-button-position-left thegem-button-69efb90664de32638\"  ><a class=\"gem-button gem-button-size-medium gem-button-style-flat gem-button-text-weight-normal\" data-ll-effect=\"drop-right-without-wrap\" style=\"border-radius: 5px;background-color: #ffffff;color: #e1ac53;\" onmouseleave=\"this.style.backgroundColor='#ffffff';this.style.color='#e1ac53';\" onmouseenter=\"this.style.backgroundColor='#e1ac53';this.style.color='#ffffff';\" href=\"https:\/\/mjmavocat.com\/contact\/\" target=\"_self\">Contactez Nous<\/a><\/div> <div class=\"clearboth\"><\/div><style>#thegem-divider-69efb90664e25 {margin-top: 130px !important;}<\/style><div id=\"thegem-divider-69efb90664e25\" class=\"gem-divider\" style=\"\" ><\/div><\/div><\/div><\/div><\/div><div class=\"vc_row wpb_row vc_inner vc_row-fluid vc_custom_1589548785177 thegem-custom-69efb906650d78305 custom-inner-column-69efb906650e6\" ><div class=\"wpb_column vc_column_container vc_col-sm-12 thegem-custom-69efb9066530a378 vc_col-has-fill\"><div class=\"vc_column-inner thegem-custom-inner-69efb9066530b vc_custom_1636333902267\"><div class=\"wpb_wrapper thegem-custom-69efb9066530a378\"><\/div><\/div><\/div><\/div><\/div><\/div><\/div><div class=\"wpb_column vc_column_container vc_col-sm-12 vc_col-lg-6 vc_col-md-12 thegem-custom-69efb906655a17369\" ><div class=\"vc_column-inner thegem-custom-inner-69efb906655a3\"><div class=\"wpb_wrapper thegem-custom-69efb906655a17369\"><div class=\"vc_row wpb_row vc_inner vc_row-fluid vc_custom_1589548785177 thegem-custom-69efb906658172562 custom-inner-column-69efb90665826\" ><div class=\"wpb_column vc_column_container vc_col-sm-12 thegem-custom-69efb90665a0c7276 vc_col-has-fill\"><div class=\"vc_column-inner thegem-custom-inner-69efb90665a0d vc_custom_1636333795254\"><div class=\"wpb_wrapper thegem-custom-69efb90665a0c7276\"><\/div><\/div><\/div><\/div><div class=\"vc_row wpb_row vc_inner vc_row-fluid thegem-custom-69efb90665c2e4936 custom-inner-column-69efb90665c35\" ><div class=\"wpb_column vc_column_container vc_col-sm-6 thegem-custom-69efb90665e5a5142 vc_col-has-fill\"><div class=\"vc_column-inner thegem-custom-inner-69efb90665e5c vc_custom_1589893356041\"><div class=\"wpb_wrapper thegem-custom-69efb90665e5a5142\"><div class=\"clearboth\"><\/div><style>#thegem-divider-69efb90665f23 {margin-top: 32px !important;}<\/style><div id=\"thegem-divider-69efb90665f23\" class=\"gem-divider\" style=\"\" ><\/div><div class=\"gem-icon-with-text gem-icon-with-text-icon-size-medium centered-box\" ><div style=\"margin-bottom:0px;margin-top:0px; \" class=\"gem-icon-with-text-icon\"><div class=\"gem-icon gem-icon-pack-material gem-icon-size-medium  gem-icon-shape-square gem-simple-icon\"  style=\"opacity: 1;\"><div class=\"gem-icon-inner\" style=\"\"><span class=\"gem-icon-half-1\" style=\"color: #e1ac53;\"><span class=\"back-angle\">&#xf1ea;<\/span><\/span><span class=\"gem-icon-half-2\" style=\"color: #e1ac53;\"><span class=\"back-angle\">&#xf1ea;<\/span><\/span><\/div><\/div><\/div><div class=\"gem-icon-with-text-content\" ><div class=\"gem-icon-with-text-text\"><\/div><\/div><div class=\"clearboth\"><\/div><\/div><div class=\"clearboth\"><\/div><style>#thegem-divider-69efb90665ffe {margin-top: 110px !important;}<\/style><div id=\"thegem-divider-69efb90665ffe\" class=\"gem-divider\" style=\"\" ><\/div>\r\n\t\r\n\t\t<div class=\"wpb_text_column wpb_content_element  thegem-vc-text thegem-custom-69efb906660bd5781\"  >\r\n\t\t\t<div class=\"wpb_wrapper\">\r\n\t\t\t\t<div class=\"title-h5\"><b>Droit des affaires<\/b><\/div>\n\r\n\t\t\t<\/div>\r\n\t\t\t<style>@media screen and (max-width: 1023px) {.thegem-vc-text.thegem-custom-69efb906660bd5781{display: block!important;}}@media screen and (max-width: 767px) {.thegem-vc-text.thegem-custom-69efb906660bd5781{display: block!important;}}@media screen and (max-width: 1023px) {.thegem-vc-text.thegem-custom-69efb906660bd5781{position: relative !important;}}@media screen and (max-width: 767px) {.thegem-vc-text.thegem-custom-69efb906660bd5781{position: relative !important;}}<\/style>\r\n\t\t<\/div>\r\n\t\r\n<div class=\"clearboth\"><\/div><style>#thegem-divider-69efb90666193 {margin-top: 10px !important;}<\/style><div id=\"thegem-divider-69efb90666193\" class=\"gem-divider\" style=\"\" ><\/div>\r\n\t\r\n\t\t<div class=\"wpb_text_column wpb_content_element  thegem-vc-text thegem-custom-69efb9066624b568\"  >\r\n\t\t\t<div class=\"wpb_wrapper\">\r\n\t\t\t\t<p style=\"text-align: justify;\">\u00c0 chaque \u00e9tape de la croissance d\u2019une entreprise, diverses transactions peuvent avoir des incidences juridiques et fiscales qui n\u00e9cessitent une...<\/p>\n\r\n\t\t\t<\/div>\r\n\t\t\t<style>@media screen and (max-width: 1023px) {.thegem-vc-text.thegem-custom-69efb9066624b568{display: block!important;}}@media screen and (max-width: 767px) {.thegem-vc-text.thegem-custom-69efb9066624b568{display: block!important;}}@media screen and (max-width: 1023px) {.thegem-vc-text.thegem-custom-69efb9066624b568{position: relative !important;}}@media screen and (max-width: 767px) {.thegem-vc-text.thegem-custom-69efb9066624b568{position: relative !important;}}<\/style>\r\n\t\t<\/div>\r\n\t\r\n<div class=\"clearboth\"><\/div><style>#thegem-divider-69efb906662e8 {margin-top: 50px !important;}<\/style><div id=\"thegem-divider-69efb906662e8\" class=\"gem-divider\" style=\"\" ><\/div><style type=\"text\/css\">.thegem-button-69efb906663883420 .gem-button svg {fill: #ffffff;}.thegem-button-69efb906663883420 .gem-button:hover svg {fill: #ffffff;}<\/style><div class=\"gem-button-container gem-button-position-left thegem-button-69efb906663883420\"  ><a class=\"gem-button gem-button-size-small gem-button-style-flat gem-button-text-weight-normal\" data-ll-effect=\"drop-right-without-wrap\" style=\"border-radius: 26px;background-color: #e1ac53;color: #ffffff;\" onmouseleave=\"this.style.backgroundColor='#e1ac53';this.style.color='#ffffff';\" onmouseenter=\"this.style.backgroundColor='#000000';this.style.color='#ffffff';\" href=\"https:\/\/mjmavocat.com\/services\/business-law\/\" target=\"_self\">Plus<\/a><\/div> <div class=\"clearboth\"><\/div><style>#thegem-divider-69efb906663bd {margin-top: 75px !important;}<\/style><div id=\"thegem-divider-69efb906663bd\" class=\"gem-divider\" style=\"\" ><\/div><\/div><\/div><\/div><div class=\"wpb_column vc_column_container vc_col-sm-6 thegem-custom-69efb906665aa9278 vc_col-has-fill\"><div class=\"vc_column-inner thegem-custom-inner-69efb906665ac vc_custom_1589893351403\"><div class=\"wpb_wrapper thegem-custom-69efb906665aa9278\"><div class=\"clearboth\"><\/div><style>#thegem-divider-69efb90666661 {margin-top: 32px !important;}<\/style><div id=\"thegem-divider-69efb90666661\" class=\"gem-divider\" style=\"\" ><\/div><div class=\"gem-icon-with-text gem-icon-with-text-icon-size-medium centered-box\" ><div style=\"margin-bottom:0px;margin-top:0px; \" class=\"gem-icon-with-text-icon\"><div class=\"gem-icon gem-icon-pack-material gem-icon-size-medium  gem-icon-shape-square gem-simple-icon\"  style=\"opacity: 1;\"><div class=\"gem-icon-inner\" style=\"\"><span class=\"gem-icon-half-1\" style=\"color: #e1ac53;\"><span class=\"back-angle\">&#xf1fd;<\/span><\/span><span class=\"gem-icon-half-2\" style=\"color: #e1ac53;\"><span class=\"back-angle\">&#xf1fd;<\/span><\/span><\/div><\/div><\/div><div class=\"gem-icon-with-text-content\" ><div class=\"gem-icon-with-text-text\"><\/div><\/div><div class=\"clearboth\"><\/div><\/div><div class=\"clearboth\"><\/div><style>#thegem-divider-69efb90666722 {margin-top: 110px !important;}<\/style><div id=\"thegem-divider-69efb90666722\" class=\"gem-divider\" style=\"\" ><\/div>\r\n\t\r\n\t\t<div class=\"wpb_text_column wpb_content_element  thegem-vc-text thegem-custom-69efb906667e02254\"  >\r\n\t\t\t<div class=\"wpb_wrapper\">\r\n\t\t\t\t<div class=\"title-h5\">R\u00e9solution de litiges et de diff\u00e9rends fiscaux<\/div>\n\r\n\t\t\t<\/div>\r\n\t\t\t<style>@media screen and (max-width: 1023px) {.thegem-vc-text.thegem-custom-69efb906667e02254{display: block!important;}}@media screen and (max-width: 767px) {.thegem-vc-text.thegem-custom-69efb906667e02254{display: block!important;}}@media screen and (max-width: 1023px) {.thegem-vc-text.thegem-custom-69efb906667e02254{position: relative !important;}}@media screen and (max-width: 767px) {.thegem-vc-text.thegem-custom-69efb906667e02254{position: relative !important;}}<\/style>\r\n\t\t<\/div>\r\n\t\r\n<div class=\"clearboth\"><\/div><style>#thegem-divider-69efb90666880 {margin-top: 10px !important;}<\/style><div id=\"thegem-divider-69efb90666880\" class=\"gem-divider\" style=\"\" ><\/div>\r\n\t\r\n\t\t<div class=\"wpb_text_column wpb_content_element  thegem-vc-text thegem-custom-69efb9066695d3488\"  >\r\n\t\t\t<div class=\"wpb_wrapper\">\r\n\t\t\t\t<p style=\"text-align: justify;\">En cas de v\u00e9rifications fiscales et\/ou d\u2019avis de nouvelles cotisations, il est essentiel de bien saisir les implications des demandes...<\/p>\n\r\n\t\t\t<\/div>\r\n\t\t\t<style>@media screen and (max-width: 1023px) {.thegem-vc-text.thegem-custom-69efb9066695d3488{display: block!important;}}@media screen and (max-width: 767px) {.thegem-vc-text.thegem-custom-69efb9066695d3488{display: block!important;}}@media screen and (max-width: 1023px) {.thegem-vc-text.thegem-custom-69efb9066695d3488{position: relative !important;}}@media screen and (max-width: 767px) {.thegem-vc-text.thegem-custom-69efb9066695d3488{position: relative !important;}}<\/style>\r\n\t\t<\/div>\r\n\t\r\n<div class=\"clearboth\"><\/div><style>#thegem-divider-69efb906669f1 {margin-top: 50px !important;}<\/style><div id=\"thegem-divider-69efb906669f1\" class=\"gem-divider\" style=\"\" ><\/div><style type=\"text\/css\">.thegem-button-69efb90666a887119 .gem-button svg {fill: #ffffff;}.thegem-button-69efb90666a887119 .gem-button:hover svg {fill: #ffffff;}<\/style><div class=\"gem-button-container gem-button-position-left thegem-button-69efb90666a887119\"  ><a class=\"gem-button gem-button-size-small gem-button-style-flat gem-button-text-weight-normal\" data-ll-effect=\"drop-right-without-wrap\" style=\"border-radius: 26px;background-color: #e1ac53;color: #ffffff;\" onmouseleave=\"this.style.backgroundColor='#e1ac53';this.style.color='#ffffff';\" onmouseenter=\"this.style.backgroundColor='#000000';this.style.color='#ffffff';\" href=\"https:\/\/mjmavocat.com\/services\/tax-dispute-resolution\/\" target=\"_self\">Plus<\/a><\/div> <div class=\"clearboth\"><\/div><style>#thegem-divider-69efb90666ac6 {margin-top: 75px !important;}<\/style><div id=\"thegem-divider-69efb90666ac6\" class=\"gem-divider\" style=\"\" ><\/div><\/div><\/div><\/div><\/div><\/div><\/div><\/div><\/div><div class=\"vc_row-full-width vc_clearfix\"><\/div><div id=\"vc_row-69efb90667051\" class=\"vc_row wpb_row vc_row-fluid thegem-custom-69efb906670458393\"><div class=\"wpb_column vc_column_container vc_col-sm-12 thegem-custom-69efb906672426480\" ><div class=\"vc_column-inner thegem-custom-inner-69efb90667244\"><div class=\"wpb_wrapper thegem-custom-69efb906672426480\"><div class=\"clearboth\"><\/div><style>#thegem-divider-69efb906672e6 {margin-top: 40px !important;}<\/style><div id=\"thegem-divider-69efb906672e6\" class=\"gem-divider\" style=\"\" ><\/div><\/div><\/div><\/div><\/div>\n<\/div>","protected":false},"excerpt":{"rendered":"","protected":false},"author":1,"featured_media":0,"parent":13,"menu_order":-1,"comment_status":"closed","ping_status":"closed","template":"","meta":{"footnotes":""},"class_list":["post-1646","page","type-page","status-publish"],"_links":{"self":[{"href":"https:\/\/mjmavocat.com\/fr\/wp-json\/wp\/v2\/pages\/1646","targetHints":{"allow":["GET"]}}],"collection":[{"href":"https:\/\/mjmavocat.com\/fr\/wp-json\/wp\/v2\/pages"}],"about":[{"href":"https:\/\/mjmavocat.com\/fr\/wp-json\/wp\/v2\/types\/page"}],"author":[{"embeddable":true,"href":"https:\/\/mjmavocat.com\/fr\/wp-json\/wp\/v2\/users\/1"}],"replies":[{"embeddable":true,"href":"https:\/\/mjmavocat.com\/fr\/wp-json\/wp\/v2\/comments?post=1646"}],"version-history":[{"count":30,"href":"https:\/\/mjmavocat.com\/fr\/wp-json\/wp\/v2\/pages\/1646\/revisions"}],"predecessor-version":[{"id":4202,"href":"https:\/\/mjmavocat.com\/fr\/wp-json\/wp\/v2\/pages\/1646\/revisions\/4202"}],"up":[{"embeddable":true,"href":"https:\/\/mjmavocat.com\/fr\/wp-json\/wp\/v2\/pages\/13"}],"wp:attachment":[{"href":"https:\/\/mjmavocat.com\/fr\/wp-json\/wp\/v2\/media?parent=1646"}],"curies":[{"name":"wp","href":"https:\/\/api.w.org\/{rel}","templated":true}]}}