{"id":3926,"date":"2021-11-08T01:36:48","date_gmt":"2021-11-08T01:36:48","guid":{"rendered":"https:\/\/mjmavocat.com\/?page_id=3926"},"modified":"2026-02-16T07:24:46","modified_gmt":"2026-02-16T07:24:46","slug":"business-law","status":"publish","type":"page","link":"https:\/\/mjmavocat.com\/fr\/services\/business-law\/","title":{"rendered":"Droit des affaires"},"content":{"rendered":"<div class=\"wpb-content-wrapper\"><div id=\"vc_row-69fc6b3e4e2f0\" class=\"vc_row wpb_row vc_row-fluid thegem-custom-69fc6b3e4e2c67548 vc_row-o-content-top vc_row-flex\"><div class=\"wpb_column vc_column_container vc_col-sm-12 thegem-custom-69fc6b3e4e6605813\" ><div class=\"vc_column-inner thegem-custom-inner-69fc6b3e4e664\"><div class=\"wpb_wrapper thegem-custom-69fc6b3e4e6605813\"><div class=\"clearboth\"><\/div><style>#thegem-divider-69fc6b3e4e95b {margin-top: 140px !important;}<\/style><div id=\"thegem-divider-69fc6b3e4e95b\" class=\"gem-divider\" style=\"\" ><\/div><\/div><\/div><\/div><div class=\"wpb_column vc_column_container vc_col-sm-12 vc_col-lg-6 vc_col-md-6 thegem-custom-69fc6b3e4ebc74620\" ><div class=\"vc_column-inner thegem-custom-inner-69fc6b3e4ebcb vc_custom_1590571662912\"><div class=\"wpb_wrapper thegem-custom-69fc6b3e4ebc74620\"><div class=\"clearboth\"><\/div><style>#thegem-divider-69fc6b3e4ecd8 {margin-top: 20px !important;}<\/style><div id=\"thegem-divider-69fc6b3e4ecd8\" class=\"gem-divider\" style=\"\" ><\/div>\r\n\t\r\n\t\t<div class=\"wpb_text_column wpb_content_element  thegem-vc-text thegem-custom-69fc6b3e4ee8e569\"  >\r\n\t\t\t<div class=\"wpb_wrapper\">\r\n\t\t\t\t<div class=\"title-h3\">Droit des affaires<\/div>\n\r\n\t\t\t<\/div>\r\n\t\t\t<style>@media screen and (max-width: 1023px) {.thegem-vc-text.thegem-custom-69fc6b3e4ee8e569{display: block!important;}}@media screen and (max-width: 767px) {.thegem-vc-text.thegem-custom-69fc6b3e4ee8e569{display: block!important;}}@media screen and (max-width: 1023px) {.thegem-vc-text.thegem-custom-69fc6b3e4ee8e569{position: relative !important;}}@media screen and (max-width: 767px) {.thegem-vc-text.thegem-custom-69fc6b3e4ee8e569{position: relative !important;}}<\/style>\r\n\t\t<\/div>\r\n\t\r\n<div class=\"clearboth\"><\/div><style>#thegem-divider-69fc6b3e4ef6b {margin-top: 30px !important;}<\/style><div id=\"thegem-divider-69fc6b3e4ef6b\" class=\"gem-divider\" style=\"\" ><\/div>\r\n\t\r\n\t\t<div class=\"wpb_text_column wpb_content_element  vc_custom_1636387022927 thegem-vc-text thegem-custom-69fc6b3e4f04f247\"  >\r\n\t\t\t<div class=\"wpb_wrapper\">\r\n\t\t\t\t<div class=\"styled-subtitle\" style=\"text-align: justify;\">\u00c0 chaque \u00e9tape de la croissance d\u2019une entreprise, diverses transactions peuvent avoir des incidences juridiques et fiscales qui n\u00e9cessitent une expertise en droit des affaires. Notre mission est d\u2019agir avec nos clients \u00e0 titre de partenaires d\u2019affaires \u00e0 chaque \u00e9tape de leur plan strat\u00e9gique.<\/div>\n\r\n\t\t\t<\/div>\r\n\t\t\t<style>@media screen and (max-width: 1023px) {.thegem-vc-text.thegem-custom-69fc6b3e4f04f247{display: block!important;}}@media screen and (max-width: 767px) {.thegem-vc-text.thegem-custom-69fc6b3e4f04f247{display: block!important;}}@media screen and (max-width: 1023px) {.thegem-vc-text.thegem-custom-69fc6b3e4f04f247{position: relative !important;}}@media screen and (max-width: 767px) {.thegem-vc-text.thegem-custom-69fc6b3e4f04f247{position: relative !important;}}<\/style>\r\n\t\t<\/div>\r\n\t\r\n<div class=\"clearboth\"><\/div><style>#thegem-divider-69fc6b3e4f107 {margin-top: 30px !important;}#thegem-divider-69fc6b3e4f107 {margin-bottom: 30px !important;}<\/style><div id=\"thegem-divider-69fc6b3e4f107\" class=\"gem-divider\" style=\"\" ><\/div><div class=\"vc_separator wpb_content_element vc_separator_align_center vc_sep_width_100 vc_sep_double vc_sep_border_width_3 vc_sep_pos_align_left vc_separator_no_text  wpb_content_element\"><span class=\"vc_sep_holder vc_sep_holder_l\"><span  style=\"border-color:#e1ac53;\" class=\"vc_sep_line\"><\/span><\/span><span class=\"vc_sep_holder vc_sep_holder_r\"><span  style=\"border-color:#e1ac53;\" class=\"vc_sep_line\"><\/span><\/span>\r\n<\/div><\/div><\/div><\/div><div class=\"wpb_column vc_column_container vc_col-sm-12 vc_col-lg-6 vc_col-md-6 thegem-custom-69fc6b3e4f9e01470\" ><div class=\"vc_column-inner thegem-custom-inner-69fc6b3e4f9e4 vc_custom_1590571667512\"><div class=\"wpb_wrapper thegem-custom-69fc6b3e4f9e01470\"><div class=\"gem-image gem-wrapbox gem-wrapbox-style-default gem-wrapbox-position-below  thegem-custom-69fc6b3e4fab65003\"  style=\"\" ><div class=\"gem-wrapbox-inner\" ><img class=\"gem-wrapbox-element img-responsive\" src=\"https:\/\/mjmavocat.com\/wp-content\/uploads\/2021\/11\/MJM-Business-law-1.jpg\" alt=\"\"\/><\/div><style type=\"text\/css\">.thegem-custom-69fc6b3e4fab65003.gem-image a:hover img {filter: brightness( 100% ) contrast( 100% ) saturate( 100% ) blur( 0px ) hue-rotate( 0deg );}<\/style><\/div><\/div><\/div><\/div><div class=\"wpb_column vc_column_container vc_col-sm-12 thegem-custom-69fc6b3e5033f8369\" ><div class=\"vc_column-inner thegem-custom-inner-69fc6b3e50342\"><div class=\"wpb_wrapper thegem-custom-69fc6b3e5033f8369\"><div class=\"clearboth\"><\/div><style>#thegem-divider-69fc6b3e50419 {margin-top: 60px !important;}<\/style><div id=\"thegem-divider-69fc6b3e50419\" class=\"gem-divider\" style=\"\" ><\/div><\/div><\/div><\/div><\/div><div id=\"vc_row-69fc6b3e50692\" class=\"vc_row wpb_row vc_row-fluid thegem-custom-69fc6b3e506778759 vc_row-o-content-top vc_row-flex\">\n<style>\n.wpb-js-composer #vc_row-69fc6b3e50692 .vc_tta.vc_general.vc_tta-accordion.vc_tta-style-simple_solid .vc_tta-panel+.vc_tta-panel {\n    border-top: 1px solid #dfe5e8;\n}\n<\/style>\n<div class=\"wpb_column vc_column_container vc_col-sm-12 vc_col-lg-6 vc_col-md-6 thegem-custom-69fc6b3e508d43304\" ><div class=\"vc_column-inner thegem-custom-inner-69fc6b3e508d7 vc_custom_1590571756877\"><div class=\"wpb_wrapper thegem-custom-69fc6b3e508d43304\"><div class=\"gem-image gem-wrapbox gem-wrapbox-style-default gem-wrapbox-position-below  thegem-custom-69fc6b3e509b42711\"  style=\"\" ><div class=\"gem-wrapbox-inner\" ><img class=\"gem-wrapbox-element img-responsive\" src=\"https:\/\/mjmavocat.com\/wp-content\/uploads\/2021\/11\/MJM-Business-Law-2.jpg\" alt=\"\"\/><\/div><style type=\"text\/css\">.thegem-custom-69fc6b3e509b42711.gem-image a:hover img {filter: brightness( 100% ) contrast( 100% ) saturate( 100% ) blur( 0px ) hue-rotate( 0deg );}<\/style><\/div><\/div><\/div><\/div><div class=\"wpb_column vc_column_container vc_col-sm-12 vc_col-lg-6 vc_col-md-6 thegem-custom-69fc6b3e50fa39500\" ><div class=\"vc_column-inner thegem-custom-inner-69fc6b3e50fa5 vc_custom_1590571752497\"><div class=\"wpb_wrapper thegem-custom-69fc6b3e50fa39500\"><div class=\"gem-icon-with-title  gem-icon-with-title-icon-size-small\" ><div class=\"gem-icon-with-title-icon\"><div class=\"gem-icon gem-icon-pack-material gem-icon-size-small  gem-icon-shape-square gem-simple-icon\"  style=\"opacity: 1;\"><div class=\"gem-icon-inner\" style=\"\"><span class=\"gem-icon-half-1\" style=\"color: #e1ac53;\"><span class=\"back-angle\">&#xf1ea;<\/span><\/span><span class=\"gem-icon-half-2\" style=\"color: #e1ac53;\"><span class=\"back-angle\">&#xf1ea;<\/span><\/span><\/div><\/div><\/div><div class=\"gem-iconed-title\"><h4 style=\"\">Nos services comprennent notamment:<\/h4><\/div><\/div><div class=\"clearboth\"><\/div><style>#thegem-divider-69fc6b3e51135 {margin-top: 15px !important;}<\/style><div id=\"thegem-divider-69fc6b3e51135\" class=\"gem-divider\" style=\"\" ><\/div><div class=\"gem-list\" ><ul>\n<li style=\"font-weight: 400;\" aria-level=\"1\"><span style=\"font-weight: 400;\">Achat \/ vente d\u2019actions;<\/span><\/li>\n<li style=\"font-weight: 400;\" aria-level=\"1\"><span style=\"font-weight: 400;\">Achat \/ vente d\u2019actifs;<\/span><\/li>\n<li style=\"font-weight: 400;\" aria-level=\"1\"><span style=\"font-weight: 400;\">Fusion;<\/span><\/li>\n<li style=\"font-weight: 400;\" aria-level=\"1\"><span style=\"font-weight: 400;\">Liquidation;<\/span><\/li>\n<li style=\"font-weight: 400;\" aria-level=\"1\"><span style=\"font-weight: 400;\">Plan d\u2019int\u00e9ressement d\u2019employ\u00e9s;<\/span><\/li>\n<li style=\"font-weight: 400;\" aria-level=\"1\"><span style=\"font-weight: 400;\">Convention entre actionnaires;<\/span><\/li>\n<li style=\"font-weight: 400;\" aria-level=\"1\"><span style=\"font-weight: 400;\">Mise \u00e0 jour corporative et d\u00e9claration annuelle (livre de minutes).<\/span><\/li>\n<\/ul>\n<\/div><\/div><\/div><\/div><\/div><div id=\"vc_row-69fc6b3e5143b\" class=\"vc_row wpb_row vc_row-fluid thegem-custom-69fc6b3e5142b2181 vc_row-o-content-top vc_row-flex\">\n<style>\n.wpb-js-composer #vc_row-69fc6b3e5143b .vc_tta.vc_general.vc_tta-accordion.vc_tta-style-simple_solid .vc_tta-panel+.vc_tta-panel {\n    border-top: 1px solid #dfe5e8;\n}\n<\/style>\n<div class=\"wpb_column vc_column_container vc_col-sm-6 thegem-custom-69fc6b3e516497834\" ><div class=\"vc_column-inner thegem-custom-inner-69fc6b3e5164b\"><div class=\"wpb_wrapper thegem-custom-69fc6b3e516497834\"><div class=\"clearboth\"><\/div><div id=\"thegem-divider-69fc6b3e516e6\" class=\"gem-divider\" style=\"\" ><\/div><\/div><\/div><\/div><div class=\"wpb_column vc_column_container vc_col-sm-6 thegem-custom-69fc6b3e518226897\" ><div class=\"vc_column-inner thegem-custom-inner-69fc6b3e51824\"><div class=\"wpb_wrapper thegem-custom-69fc6b3e518226897\"><div class=\"vc_separator wpb_content_element vc_separator_align_center vc_sep_width_100 vc_sep_double vc_sep_border_width_2 vc_sep_pos_align_right vc_separator_no_text  wpb_content_element\"><span class=\"vc_sep_holder vc_sep_holder_l\"><span  style=\"border-color:#e1ac53;\" class=\"vc_sep_line\"><\/span><\/span><span class=\"vc_sep_holder vc_sep_holder_r\"><span  style=\"border-color:#e1ac53;\" class=\"vc_sep_line\"><\/span><\/span>\r\n<\/div><\/div><\/div><\/div><\/div><div class=\"vc_row-full-width-before\"><\/div><div id=\"vc_row-69fc6b3e51c55\" data-vc-full-width=\"true\" data-vc-full-width-init=\"false\" data-vc-stretch-content=\"true\" class=\"vc_row wpb_row vc_row-fluid vc_custom_1589896342369 thegem-custom-69fc6b3e51c437026 vc_row-no-padding vc_row-o-equal-height vc_row-o-content-bottom vc_row-flex\"><script type=\"text\/javascript\">if (typeof(gem_fix_fullwidth_position) == \"function\") { gem_fix_fullwidth_position(document.getElementById(\"vc_row-69fc6b3e51c55\")); }<\/script>\n<style>\n@media (max-width: 1199px){\n    #vc_row-69fc6b3e51c55.wpb_row>*, \n    .wpb_row>* {\n         margin-top: 0;\n    }\n}\n<\/style>\n<div class=\"wpb_column vc_column_container vc_col-sm-12 vc_col-lg-6 vc_col-md-12 thegem-custom-69fc6b3e51e436717 vc_col-has-fill\" ><div class=\"vc_column-inner thegem-custom-inner-69fc6b3e51e45 vc_custom_1636333332172\"><div class=\"wpb_wrapper thegem-custom-69fc6b3e51e436717\"><div class=\"vc_row wpb_row vc_inner vc_row-fluid thegem-custom-69fc6b3e5244b3322 custom-inner-column-69fc6b3e52455\" ><div class=\"wpb_column vc_column_container vc_col-sm-12 thegem-custom-69fc6b3e528d91236 disable-custom-paggings-mobile\"><div class=\"vc_column-inner thegem-custom-inner-69fc6b3e528dc vc_custom_1589896347435\"><div class=\"wpb_wrapper thegem-custom-69fc6b3e528d91236\"><div class=\"clearboth\"><\/div><style>#thegem-divider-69fc6b3e52993 {margin-top: 130px !important;}<\/style><div id=\"thegem-divider-69fc6b3e52993\" class=\"gem-divider\" style=\"\" ><\/div>\r\n\t\r\n\t\t<div class=\"wpb_text_column wpb_content_element  thegem-vc-text thegem-custom-69fc6b3e52a9d90\"  >\r\n\t\t\t<div class=\"wpb_wrapper\">\r\n\t\t\t\t<div class=\"title-h1\"><span style=\"color: #ffffff;\">Plus de services<\/span><\/div>\n\r\n\t\t\t<\/div>\r\n\t\t\t<style>@media screen and (max-width: 1023px) {.thegem-vc-text.thegem-custom-69fc6b3e52a9d90{display: block!important;}}@media screen and (max-width: 767px) {.thegem-vc-text.thegem-custom-69fc6b3e52a9d90{display: block!important;}}@media screen and (max-width: 1023px) {.thegem-vc-text.thegem-custom-69fc6b3e52a9d90{position: relative !important;}}@media screen and (max-width: 767px) {.thegem-vc-text.thegem-custom-69fc6b3e52a9d90{position: relative !important;}}<\/style>\r\n\t\t<\/div>\r\n\t\r\n<div class=\"clearboth\"><\/div><style>#thegem-divider-69fc6b3e52b46 {margin-top: 45px !important;}<\/style><div id=\"thegem-divider-69fc6b3e52b46\" class=\"gem-divider\" style=\"\" ><\/div>\r\n\t\r\n\t\t<div class=\"wpb_text_column wpb_content_element  thegem-vc-text thegem-custom-69fc6b3e52bff9201\"  >\r\n\t\t\t<div class=\"wpb_wrapper\">\r\n\t\t\t\t<div class=\"styled-subtitle\"><span style=\"color: #ffffff;\">Consultez les autres services propos\u00e9s par MJM Avocats Fiscalistes Inc. ou contactez-nous directement pour une consultation.<\/span><\/div>\n\r\n\t\t\t<\/div>\r\n\t\t\t<style>@media screen and (max-width: 1023px) {.thegem-vc-text.thegem-custom-69fc6b3e52bff9201{display: block!important;}}@media screen and (max-width: 767px) {.thegem-vc-text.thegem-custom-69fc6b3e52bff9201{display: block!important;}}@media screen and (max-width: 1023px) {.thegem-vc-text.thegem-custom-69fc6b3e52bff9201{position: relative !important;}}@media screen and (max-width: 767px) {.thegem-vc-text.thegem-custom-69fc6b3e52bff9201{position: relative !important;}}<\/style>\r\n\t\t<\/div>\r\n\t\r\n<div class=\"clearboth\"><\/div><style>#thegem-divider-69fc6b3e52cd8 {margin-top: 50px !important;}<\/style><div id=\"thegem-divider-69fc6b3e52cd8\" class=\"gem-divider\" style=\"\" ><\/div><style type=\"text\/css\">.thegem-button-69fc6b3e52dc56914 .gem-button svg {fill: #e1ac53;}.thegem-button-69fc6b3e52dc56914 .gem-button:hover svg {fill: #ffffff;}<\/style><div class=\"gem-button-container gem-button-position-left thegem-button-69fc6b3e52dc56914\"  ><a class=\"gem-button gem-button-size-medium gem-button-style-flat gem-button-text-weight-normal\" data-ll-effect=\"drop-right-without-wrap\" style=\"border-radius: 5px;background-color: #ffffff;color: #e1ac53;\" onmouseleave=\"this.style.backgroundColor='#ffffff';this.style.color='#e1ac53';\" onmouseenter=\"this.style.backgroundColor='#e1ac53';this.style.color='#ffffff';\" href=\"https:\/\/mjmavocat.com\/contact\/\" target=\"_self\">Contactez Nous<\/a><\/div> <div class=\"clearboth\"><\/div><style>#thegem-divider-69fc6b3e52e0a {margin-top: 130px !important;}<\/style><div id=\"thegem-divider-69fc6b3e52e0a\" class=\"gem-divider\" style=\"\" ><\/div><\/div><\/div><\/div><\/div><div class=\"vc_row wpb_row vc_inner vc_row-fluid vc_custom_1589548785177 thegem-custom-69fc6b3e5309c2963 custom-inner-column-69fc6b3e530b2\" ><div class=\"wpb_column vc_column_container vc_col-sm-12 thegem-custom-69fc6b3e5329c2762 vc_col-has-fill\"><div class=\"vc_column-inner thegem-custom-inner-69fc6b3e5329f vc_custom_1636333902267\"><div class=\"wpb_wrapper thegem-custom-69fc6b3e5329c2762\"><\/div><\/div><\/div><\/div><\/div><\/div><\/div><div class=\"wpb_column vc_column_container vc_col-sm-12 vc_col-lg-6 vc_col-md-12 thegem-custom-69fc6b3e534d99306\" ><div class=\"vc_column-inner thegem-custom-inner-69fc6b3e534db\"><div class=\"wpb_wrapper thegem-custom-69fc6b3e534d99306\"><div class=\"vc_row wpb_row vc_inner vc_row-fluid vc_custom_1589548785177 thegem-custom-69fc6b3e537578620 custom-inner-column-69fc6b3e53768\" ><div class=\"wpb_column vc_column_container vc_col-sm-12 thegem-custom-69fc6b3e538e61951 vc_col-has-fill\"><div class=\"vc_column-inner thegem-custom-inner-69fc6b3e538e8 vc_custom_1636333795254\"><div class=\"wpb_wrapper thegem-custom-69fc6b3e538e61951\"><\/div><\/div><\/div><\/div><div class=\"vc_row wpb_row vc_inner vc_row-fluid thegem-custom-69fc6b3e53ad6711 custom-inner-column-69fc6b3e53ae0\" ><div class=\"wpb_column vc_column_container vc_col-sm-6 thegem-custom-69fc6b3e53cf79344 vc_col-has-fill\"><div class=\"vc_column-inner thegem-custom-inner-69fc6b3e53cf9 vc_custom_1589893356041\"><div class=\"wpb_wrapper thegem-custom-69fc6b3e53cf79344\"><div class=\"clearboth\"><\/div><style>#thegem-divider-69fc6b3e53dba {margin-top: 32px !important;}<\/style><div id=\"thegem-divider-69fc6b3e53dba\" class=\"gem-divider\" style=\"\" ><\/div><div class=\"gem-icon-with-text gem-icon-with-text-icon-size-medium centered-box\" ><div style=\"margin-bottom:0px;margin-top:0px; \" class=\"gem-icon-with-text-icon\"><div class=\"gem-icon gem-icon-pack-material gem-icon-size-medium  gem-icon-shape-square gem-simple-icon\"  style=\"opacity: 1;\"><div class=\"gem-icon-inner\" style=\"\"><span class=\"gem-icon-half-1\" style=\"color: #e1ac53;\"><span class=\"back-angle\">&#xf1b7;<\/span><\/span><span class=\"gem-icon-half-2\" style=\"color: #e1ac53;\"><span class=\"back-angle\">&#xf1b7;<\/span><\/span><\/div><\/div><\/div><div class=\"gem-icon-with-text-content\" ><div class=\"gem-icon-with-text-text\"><\/div><\/div><div class=\"clearboth\"><\/div><\/div><div class=\"clearboth\"><\/div><style>#thegem-divider-69fc6b3e53e79 {margin-top: 110px !important;}<\/style><div id=\"thegem-divider-69fc6b3e53e79\" class=\"gem-divider\" style=\"\" ><\/div>\r\n\t\r\n\t\t<div class=\"wpb_text_column wpb_content_element  thegem-vc-text thegem-custom-69fc6b3e53f331998\"  >\r\n\t\t\t<div class=\"wpb_wrapper\">\r\n\t\t\t\t<div class=\"title-h5\"><b>Fiscalit\u00e9 et r\u00e9organisation corporative<\/b><\/div>\n\r\n\t\t\t<\/div>\r\n\t\t\t<style>@media screen and (max-width: 1023px) {.thegem-vc-text.thegem-custom-69fc6b3e53f331998{display: block!important;}}@media screen and (max-width: 767px) {.thegem-vc-text.thegem-custom-69fc6b3e53f331998{display: block!important;}}@media screen and (max-width: 1023px) {.thegem-vc-text.thegem-custom-69fc6b3e53f331998{position: relative !important;}}@media screen and (max-width: 767px) {.thegem-vc-text.thegem-custom-69fc6b3e53f331998{position: relative !important;}}<\/style>\r\n\t\t<\/div>\r\n\t\r\n<div class=\"clearboth\"><\/div><style>#thegem-divider-69fc6b3e53fba {margin-top: 10px !important;}<\/style><div id=\"thegem-divider-69fc6b3e53fba\" class=\"gem-divider\" style=\"\" ><\/div>\r\n\t\r\n\t\t<div class=\"wpb_text_column wpb_content_element  thegem-vc-text thegem-custom-69fc6b3e5406f397\"  >\r\n\t\t\t<div class=\"wpb_wrapper\">\r\n\t\t\t\t<p style=\"text-align: justify;\">La fiscalit\u00e9 est un domaine complexe qui peut avoir des incidences importantes sur la r\u00e9ussite de toute entreprise ainsi que sur...<\/p>\n\r\n\t\t\t<\/div>\r\n\t\t\t<style>@media screen and (max-width: 1023px) {.thegem-vc-text.thegem-custom-69fc6b3e5406f397{display: block!important;}}@media screen and (max-width: 767px) {.thegem-vc-text.thegem-custom-69fc6b3e5406f397{display: block!important;}}@media screen and (max-width: 1023px) {.thegem-vc-text.thegem-custom-69fc6b3e5406f397{position: relative !important;}}@media screen and (max-width: 767px) {.thegem-vc-text.thegem-custom-69fc6b3e5406f397{position: relative !important;}}<\/style>\r\n\t\t<\/div>\r\n\t\r\n<div class=\"clearboth\"><\/div><style>#thegem-divider-69fc6b3e540e3 {margin-top: 50px !important;}<\/style><div id=\"thegem-divider-69fc6b3e540e3\" class=\"gem-divider\" style=\"\" ><\/div><style type=\"text\/css\">.thegem-button-69fc6b3e5419a5076 .gem-button svg {fill: #ffffff;}.thegem-button-69fc6b3e5419a5076 .gem-button:hover svg {fill: #ffffff;}<\/style><div class=\"gem-button-container gem-button-position-left thegem-button-69fc6b3e5419a5076\"  ><a class=\"gem-button gem-button-size-small gem-button-style-flat gem-button-text-weight-normal\" data-ll-effect=\"drop-right-without-wrap\" style=\"border-radius: 26px;background-color: #e1ac53;color: #ffffff;\" onmouseleave=\"this.style.backgroundColor='#e1ac53';this.style.color='#ffffff';\" onmouseenter=\"this.style.backgroundColor='#000000';this.style.color='#ffffff';\" href=\"https:\/\/mjmavocat.com\/services\/tax-planning\/\" target=\"_self\">Plus<\/a><\/div> <div class=\"clearboth\"><\/div><style>#thegem-divider-69fc6b3e541c8 {margin-top: 75px !important;}<\/style><div id=\"thegem-divider-69fc6b3e541c8\" class=\"gem-divider\" style=\"\" ><\/div><\/div><\/div><\/div><div class=\"wpb_column vc_column_container vc_col-sm-6 thegem-custom-69fc6b3e543a63143 vc_col-has-fill\"><div class=\"vc_column-inner thegem-custom-inner-69fc6b3e543a9 vc_custom_1589893351403\"><div class=\"wpb_wrapper thegem-custom-69fc6b3e543a63143\"><div class=\"clearboth\"><\/div><style>#thegem-divider-69fc6b3e5445b {margin-top: 32px !important;}<\/style><div id=\"thegem-divider-69fc6b3e5445b\" class=\"gem-divider\" style=\"\" ><\/div><div class=\"gem-icon-with-text gem-icon-with-text-icon-size-medium centered-box\" ><div style=\"margin-bottom:0px;margin-top:0px; \" class=\"gem-icon-with-text-icon\"><div class=\"gem-icon gem-icon-pack-material gem-icon-size-medium  gem-icon-shape-square gem-simple-icon\"  style=\"opacity: 1;\"><div class=\"gem-icon-inner\" style=\"\"><span class=\"gem-icon-half-1\" style=\"color: #e1ac53;\"><span class=\"back-angle\">&#xf1fd;<\/span><\/span><span class=\"gem-icon-half-2\" style=\"color: #e1ac53;\"><span class=\"back-angle\">&#xf1fd;<\/span><\/span><\/div><\/div><\/div><div class=\"gem-icon-with-text-content\" ><div class=\"gem-icon-with-text-text\"><\/div><\/div><div class=\"clearboth\"><\/div><\/div><div class=\"clearboth\"><\/div><style>#thegem-divider-69fc6b3e54551 {margin-top: 110px !important;}<\/style><div id=\"thegem-divider-69fc6b3e54551\" class=\"gem-divider\" style=\"\" ><\/div>\r\n\t\r\n\t\t<div class=\"wpb_text_column wpb_content_element  thegem-vc-text thegem-custom-69fc6b3e546397237\"  >\r\n\t\t\t<div class=\"wpb_wrapper\">\r\n\t\t\t\t<div class=\"title-h5\">R\u00e9solution de litiges et de diff\u00e9rends fiscaux<\/div>\n\r\n\t\t\t<\/div>\r\n\t\t\t<style>@media screen and (max-width: 1023px) {.thegem-vc-text.thegem-custom-69fc6b3e546397237{display: block!important;}}@media screen and (max-width: 767px) {.thegem-vc-text.thegem-custom-69fc6b3e546397237{display: block!important;}}@media screen and (max-width: 1023px) {.thegem-vc-text.thegem-custom-69fc6b3e546397237{position: relative !important;}}@media screen and (max-width: 767px) {.thegem-vc-text.thegem-custom-69fc6b3e546397237{position: relative !important;}}<\/style>\r\n\t\t<\/div>\r\n\t\r\n<div class=\"clearboth\"><\/div><style>#thegem-divider-69fc6b3e546e2 {margin-top: 10px !important;}<\/style><div id=\"thegem-divider-69fc6b3e546e2\" class=\"gem-divider\" style=\"\" ><\/div>\r\n\t\r\n\t\t<div class=\"wpb_text_column wpb_content_element  thegem-vc-text thegem-custom-69fc6b3e547c36535\"  >\r\n\t\t\t<div class=\"wpb_wrapper\">\r\n\t\t\t\t<p style=\"text-align: justify;\">En cas de v\u00e9rifications fiscales et\/ou d\u2019avis de nouvelles cotisations, il est essentiel de bien saisir les implications des demandes...<\/p>\n\r\n\t\t\t<\/div>\r\n\t\t\t<style>@media screen and (max-width: 1023px) {.thegem-vc-text.thegem-custom-69fc6b3e547c36535{display: block!important;}}@media screen and (max-width: 767px) {.thegem-vc-text.thegem-custom-69fc6b3e547c36535{display: block!important;}}@media screen and (max-width: 1023px) {.thegem-vc-text.thegem-custom-69fc6b3e547c36535{position: relative !important;}}@media screen and (max-width: 767px) {.thegem-vc-text.thegem-custom-69fc6b3e547c36535{position: relative !important;}}<\/style>\r\n\t\t<\/div>\r\n\t\r\n<div class=\"clearboth\"><\/div><style>#thegem-divider-69fc6b3e54860 {margin-top: 50px !important;}<\/style><div id=\"thegem-divider-69fc6b3e54860\" class=\"gem-divider\" style=\"\" ><\/div><style type=\"text\/css\">.thegem-button-69fc6b3e549154264 .gem-button svg {fill: #ffffff;}.thegem-button-69fc6b3e549154264 .gem-button:hover svg {fill: #ffffff;}<\/style><div class=\"gem-button-container gem-button-position-left thegem-button-69fc6b3e549154264\"  ><a class=\"gem-button gem-button-size-small gem-button-style-flat gem-button-text-weight-normal\" data-ll-effect=\"drop-right-without-wrap\" style=\"border-radius: 26px;background-color: #e1ac53;color: #ffffff;\" onmouseleave=\"this.style.backgroundColor='#e1ac53';this.style.color='#ffffff';\" onmouseenter=\"this.style.backgroundColor='#000000';this.style.color='#ffffff';\" href=\"https:\/\/mjmavocat.com\/services\/tax-dispute-resolution\/\" target=\"_self\">Plus<\/a><\/div> <div class=\"clearboth\"><\/div><style>#thegem-divider-69fc6b3e5495f {margin-top: 75px !important;}<\/style><div id=\"thegem-divider-69fc6b3e5495f\" class=\"gem-divider\" style=\"\" ><\/div><\/div><\/div><\/div><\/div><\/div><\/div><\/div><\/div><div class=\"vc_row-full-width vc_clearfix\"><\/div><div id=\"vc_row-69fc6b3e54e34\" class=\"vc_row wpb_row vc_row-fluid thegem-custom-69fc6b3e54e225384\"><div class=\"wpb_column vc_column_container vc_col-sm-12 thegem-custom-69fc6b3e54fea7607\" ><div class=\"vc_column-inner thegem-custom-inner-69fc6b3e54fec\"><div class=\"wpb_wrapper thegem-custom-69fc6b3e54fea7607\"><div class=\"clearboth\"><\/div><style>#thegem-divider-69fc6b3e55073 {margin-top: 40px !important;}<\/style><div id=\"thegem-divider-69fc6b3e55073\" class=\"gem-divider\" style=\"\" ><\/div><\/div><\/div><\/div><\/div>\n<\/div>","protected":false},"excerpt":{"rendered":"","protected":false},"author":1,"featured_media":0,"parent":13,"menu_order":0,"comment_status":"closed","ping_status":"closed","template":"","meta":{"footnotes":""},"class_list":["post-3926","page","type-page","status-publish"],"_links":{"self":[{"href":"https:\/\/mjmavocat.com\/fr\/wp-json\/wp\/v2\/pages\/3926","targetHints":{"allow":["GET"]}}],"collection":[{"href":"https:\/\/mjmavocat.com\/fr\/wp-json\/wp\/v2\/pages"}],"about":[{"href":"https:\/\/mjmavocat.com\/fr\/wp-json\/wp\/v2\/types\/page"}],"author":[{"embeddable":true,"href":"https:\/\/mjmavocat.com\/fr\/wp-json\/wp\/v2\/users\/1"}],"replies":[{"embeddable":true,"href":"https:\/\/mjmavocat.com\/fr\/wp-json\/wp\/v2\/comments?post=3926"}],"version-history":[{"count":16,"href":"https:\/\/mjmavocat.com\/fr\/wp-json\/wp\/v2\/pages\/3926\/revisions"}],"predecessor-version":[{"id":4201,"href":"https:\/\/mjmavocat.com\/fr\/wp-json\/wp\/v2\/pages\/3926\/revisions\/4201"}],"up":[{"embeddable":true,"href":"https:\/\/mjmavocat.com\/fr\/wp-json\/wp\/v2\/pages\/13"}],"wp:attachment":[{"href":"https:\/\/mjmavocat.com\/fr\/wp-json\/wp\/v2\/media?parent=3926"}],"curies":[{"name":"wp","href":"https:\/\/api.w.org\/{rel}","templated":true}]}}