{"id":3928,"date":"2021-11-08T01:38:25","date_gmt":"2021-11-08T01:38:25","guid":{"rendered":"https:\/\/mjmavocat.com\/?page_id=3928"},"modified":"2026-02-16T07:24:30","modified_gmt":"2026-02-16T07:24:30","slug":"tax-dispute-resolution","status":"publish","type":"page","link":"https:\/\/mjmavocat.com\/fr\/services\/tax-dispute-resolution\/","title":{"rendered":"R\u00e9solution de litiges et de diff\u00e9rends fiscaux"},"content":{"rendered":"<div class=\"wpb-content-wrapper\"><div id=\"vc_row-69efbcc184c1b\" class=\"vc_row wpb_row vc_row-fluid thegem-custom-69efbcc184bf51400 vc_row-o-content-top vc_row-flex\"><div class=\"wpb_column vc_column_container vc_col-sm-12 thegem-custom-69efbcc1853527897\" ><div class=\"vc_column-inner thegem-custom-inner-69efbcc185356\"><div class=\"wpb_wrapper thegem-custom-69efbcc1853527897\"><div class=\"clearboth\"><\/div><style>#thegem-divider-69efbcc185688 {margin-top: 140px !important;}<\/style><div id=\"thegem-divider-69efbcc185688\" class=\"gem-divider\" style=\"\" ><\/div><\/div><\/div><\/div><div class=\"wpb_column vc_column_container vc_col-sm-12 vc_col-lg-6 vc_col-md-6 thegem-custom-69efbcc1858265944\" ><div class=\"vc_column-inner thegem-custom-inner-69efbcc185829 vc_custom_1590571662912\"><div class=\"wpb_wrapper thegem-custom-69efbcc1858265944\"><div class=\"clearboth\"><\/div><style>#thegem-divider-69efbcc185940 {margin-top: 20px !important;}<\/style><div id=\"thegem-divider-69efbcc185940\" class=\"gem-divider\" style=\"\" ><\/div>\r\n\t\r\n\t\t<div class=\"wpb_text_column wpb_content_element  thegem-vc-text thegem-custom-69efbcc185c728772\"  >\r\n\t\t\t<div class=\"wpb_wrapper\">\r\n\t\t\t\t<div class=\"title-h3\">R\u00e9solution de litiges et de diff\u00e9rends fiscaux<\/div>\n\r\n\t\t\t<\/div>\r\n\t\t\t<style>@media screen and (max-width: 1023px) {.thegem-vc-text.thegem-custom-69efbcc185c728772{display: block!important;}}@media screen and (max-width: 767px) {.thegem-vc-text.thegem-custom-69efbcc185c728772{display: block!important;}}@media screen and (max-width: 1023px) {.thegem-vc-text.thegem-custom-69efbcc185c728772{position: relative !important;}}@media screen and (max-width: 767px) {.thegem-vc-text.thegem-custom-69efbcc185c728772{position: relative !important;}}<\/style>\r\n\t\t<\/div>\r\n\t\r\n<div class=\"clearboth\"><\/div><style>#thegem-divider-69efbcc185d67 {margin-top: 30px !important;}<\/style><div id=\"thegem-divider-69efbcc185d67\" class=\"gem-divider\" style=\"\" ><\/div>\r\n\t\r\n\t\t<div class=\"wpb_text_column wpb_content_element  vc_custom_1636387050965 thegem-vc-text thegem-custom-69efbcc185e565986\"  >\r\n\t\t\t<div class=\"wpb_wrapper\">\r\n\t\t\t\t<div class=\"styled-subtitle\" style=\"text-align: justify;\">En cas de v\u00e9rifications fiscales et\/ou d\u2019avis de nouvelles cotisations, il est essentiel de bien saisir les implications des demandes qui vous sont formul\u00e9es et de communiquer avec les autorit\u00e9s fiscales en pleine connaissance des r\u00e8gles applicables. Nous vous accompagnerons \u00e0 g\u00e9rer efficacement et \u00e0 r\u00e9gler vos diff\u00e9rends avec les autorit\u00e9s fiscales.<\/div>\n\r\n\t\t\t<\/div>\r\n\t\t\t<style>@media screen and (max-width: 1023px) {.thegem-vc-text.thegem-custom-69efbcc185e565986{display: block!important;}}@media screen and (max-width: 767px) {.thegem-vc-text.thegem-custom-69efbcc185e565986{display: block!important;}}@media screen and (max-width: 1023px) {.thegem-vc-text.thegem-custom-69efbcc185e565986{position: relative !important;}}@media screen and (max-width: 767px) {.thegem-vc-text.thegem-custom-69efbcc185e565986{position: relative !important;}}<\/style>\r\n\t\t<\/div>\r\n\t\r\n<div class=\"clearboth\"><\/div><style>#thegem-divider-69efbcc185f20 {margin-top: 30px !important;}#thegem-divider-69efbcc185f20 {margin-bottom: 30px !important;}<\/style><div id=\"thegem-divider-69efbcc185f20\" class=\"gem-divider\" style=\"\" ><\/div><div class=\"vc_separator wpb_content_element vc_separator_align_center vc_sep_width_100 vc_sep_double vc_sep_border_width_3 vc_sep_pos_align_left vc_separator_no_text  wpb_content_element\"><span class=\"vc_sep_holder vc_sep_holder_l\"><span  style=\"border-color:#e1ac53;\" class=\"vc_sep_line\"><\/span><\/span><span class=\"vc_sep_holder vc_sep_holder_r\"><span  style=\"border-color:#e1ac53;\" class=\"vc_sep_line\"><\/span><\/span>\r\n<\/div><\/div><\/div><\/div><div class=\"wpb_column vc_column_container vc_col-sm-12 vc_col-lg-6 vc_col-md-6 thegem-custom-69efbcc1865fa3106\" ><div class=\"vc_column-inner thegem-custom-inner-69efbcc1865fd vc_custom_1590571667512\"><div class=\"wpb_wrapper thegem-custom-69efbcc1865fa3106\"><div class=\"gem-image gem-wrapbox gem-wrapbox-style-default gem-wrapbox-position-below  thegem-custom-69efbcc18669d3196\"  style=\"\" ><div class=\"gem-wrapbox-inner\" ><img class=\"gem-wrapbox-element img-responsive\" src=\"https:\/\/mjmavocat.com\/wp-content\/uploads\/2021\/11\/Tax-Dispute-2.jpg\" alt=\"\"\/><\/div><\/div><\/div><\/div><\/div><div class=\"wpb_column vc_column_container vc_col-sm-12 thegem-custom-69efbcc186cc25033\" ><div class=\"vc_column-inner thegem-custom-inner-69efbcc186cc4\"><div class=\"wpb_wrapper thegem-custom-69efbcc186cc25033\"><div class=\"clearboth\"><\/div><style>#thegem-divider-69efbcc186d50 {margin-top: 60px !important;}<\/style><div id=\"thegem-divider-69efbcc186d50\" class=\"gem-divider\" style=\"\" ><\/div><\/div><\/div><\/div><\/div><div id=\"vc_row-69efbcc186f54\" class=\"vc_row wpb_row vc_row-fluid thegem-custom-69efbcc186f481254 vc_row-o-content-top vc_row-flex\">\n<style>\n.wpb-js-composer #vc_row-69efbcc186f54 .vc_tta.vc_general.vc_tta-accordion.vc_tta-style-simple_solid .vc_tta-panel+.vc_tta-panel {\n    border-top: 1px solid #dfe5e8;\n}\n<\/style>\n<div class=\"wpb_column vc_column_container vc_col-sm-12 vc_col-lg-6 vc_col-md-6 thegem-custom-69efbcc1871795662\" ><div class=\"vc_column-inner thegem-custom-inner-69efbcc18717b vc_custom_1590571756877\"><div class=\"wpb_wrapper thegem-custom-69efbcc1871795662\"><div class=\"gem-image gem-wrapbox gem-wrapbox-style-default gem-wrapbox-position-below  thegem-custom-69efbcc187212851\"  style=\"\" ><div class=\"gem-wrapbox-inner\" ><img class=\"gem-wrapbox-element img-responsive\" src=\"https:\/\/mjmavocat.com\/wp-content\/uploads\/2021\/11\/Tax-dispute-1.jpg\" alt=\"\"\/><\/div><\/div><\/div><\/div><\/div><div class=\"wpb_column vc_column_container vc_col-sm-12 vc_col-lg-6 vc_col-md-6 thegem-custom-69efbcc1877bd8105\" ><div class=\"vc_column-inner thegem-custom-inner-69efbcc1877bf vc_custom_1590571752497\"><div class=\"wpb_wrapper thegem-custom-69efbcc1877bd8105\"><div class=\"gem-icon-with-title  gem-icon-with-title-icon-size-small\" ><div class=\"gem-icon-with-title-icon\"><div class=\"gem-icon gem-icon-pack-material gem-icon-size-small  gem-icon-shape-square gem-simple-icon\"  style=\"opacity: 1;\"><div class=\"gem-icon-inner\" style=\"\"><span class=\"gem-icon-half-1\" style=\"color: #e1ac53;\"><span class=\"back-angle\">&#xf1fd;<\/span><\/span><span class=\"gem-icon-half-2\" style=\"color: #e1ac53;\"><span class=\"back-angle\">&#xf1fd;<\/span><\/span><\/div><\/div><\/div><div class=\"gem-iconed-title\"><h4 style=\"\">Nos services comprennent notamment:<\/h4><\/div><\/div><div class=\"clearboth\"><\/div><style>#thegem-divider-69efbcc18793b {margin-top: 15px !important;}<\/style><div id=\"thegem-divider-69efbcc18793b\" class=\"gem-divider\" style=\"\" ><\/div><div class=\"gem-list\" ><ul>\n<li style=\"font-weight: 400;\" aria-level=\"1\"><span style=\"font-weight: 400;\">Repr\u00e9sentation et n\u00e9gociation avec les autorit\u00e9s fiscales;<\/span><\/li>\n<li style=\"font-weight: 400;\" aria-level=\"1\"><span style=\"font-weight: 400;\">Contestation de nouvelles cotisations fiscales (revenus non d\u00e9clar\u00e9s, d\u00e9penses d\u2019entreprises refus\u00e9es, avantages \u00e0 l\u2019actionnaire, etc.);<\/span><\/li>\n<li style=\"font-weight: 400;\" aria-level=\"1\"><span style=\"font-weight: 400;\">V\u00e9rification fiscale;<\/span><\/li>\n<li style=\"font-weight: 400;\" aria-level=\"1\"><span style=\"font-weight: 400;\">Opposition.<\/span><\/li>\n<\/ul>\n<\/div><\/div><\/div><\/div><\/div><div id=\"vc_row-69efbcc187bc2\" class=\"vc_row wpb_row vc_row-fluid thegem-custom-69efbcc187bb57849 vc_row-o-content-top vc_row-flex\">\n<style>\n.wpb-js-composer #vc_row-69efbcc187bc2 .vc_tta.vc_general.vc_tta-accordion.vc_tta-style-simple_solid .vc_tta-panel+.vc_tta-panel {\n    border-top: 1px solid #dfe5e8;\n}\n<\/style>\n<div class=\"wpb_column vc_column_container vc_col-sm-6 thegem-custom-69efbcc187de64344\" ><div class=\"vc_column-inner thegem-custom-inner-69efbcc187de8\"><div class=\"wpb_wrapper thegem-custom-69efbcc187de64344\"><div class=\"clearboth\"><\/div><div id=\"thegem-divider-69efbcc187e75\" class=\"gem-divider\" style=\"\" ><\/div><\/div><\/div><\/div><div class=\"wpb_column vc_column_container vc_col-sm-6 thegem-custom-69efbcc187fa1820\" ><div class=\"vc_column-inner thegem-custom-inner-69efbcc187fa2\"><div class=\"wpb_wrapper thegem-custom-69efbcc187fa1820\"><div class=\"vc_separator wpb_content_element vc_separator_align_center vc_sep_width_100 vc_sep_double vc_sep_border_width_2 vc_sep_pos_align_right vc_separator_no_text  wpb_content_element\"><span class=\"vc_sep_holder vc_sep_holder_l\"><span  style=\"border-color:#e1ac53;\" class=\"vc_sep_line\"><\/span><\/span><span class=\"vc_sep_holder vc_sep_holder_r\"><span  style=\"border-color:#e1ac53;\" class=\"vc_sep_line\"><\/span><\/span>\r\n<\/div><\/div><\/div><\/div><\/div><div class=\"vc_row-full-width-before\"><\/div><div id=\"vc_row-69efbcc188392\" data-vc-full-width=\"true\" data-vc-full-width-init=\"false\" data-vc-stretch-content=\"true\" class=\"vc_row wpb_row vc_row-fluid vc_custom_1589896342369 thegem-custom-69efbcc1883811446 vc_row-no-padding vc_row-o-equal-height vc_row-o-content-bottom vc_row-flex\"><script type=\"text\/javascript\">if (typeof(gem_fix_fullwidth_position) == \"function\") { gem_fix_fullwidth_position(document.getElementById(\"vc_row-69efbcc188392\")); }<\/script>\n<style>\n@media (max-width: 1199px){\n    #vc_row-69efbcc188392.wpb_row>*, \n    .wpb_row>* {\n         margin-top: 0;\n    }\n}\n<\/style>\n<div class=\"wpb_column vc_column_container vc_col-sm-12 vc_col-lg-6 vc_col-md-12 thegem-custom-69efbcc1885b63421 vc_col-has-fill\" ><div class=\"vc_column-inner thegem-custom-inner-69efbcc1885b7 vc_custom_1636333332172\"><div class=\"wpb_wrapper thegem-custom-69efbcc1885b63421\"><div class=\"vc_row wpb_row vc_inner vc_row-fluid thegem-custom-69efbcc188c815347 custom-inner-column-69efbcc188c8e\" ><div class=\"wpb_column vc_column_container vc_col-sm-12 thegem-custom-69efbcc1891574823 disable-custom-paggings-mobile\"><div class=\"vc_column-inner thegem-custom-inner-69efbcc189159 vc_custom_1589896347435\"><div class=\"wpb_wrapper thegem-custom-69efbcc1891574823\"><div class=\"clearboth\"><\/div><style>#thegem-divider-69efbcc189210 {margin-top: 130px !important;}<\/style><div id=\"thegem-divider-69efbcc189210\" class=\"gem-divider\" style=\"\" ><\/div>\r\n\t\r\n\t\t<div class=\"wpb_text_column wpb_content_element  thegem-vc-text thegem-custom-69efbcc1892e99981\"  >\r\n\t\t\t<div class=\"wpb_wrapper\">\r\n\t\t\t\t<div class=\"title-h1\"><span style=\"color: #ffffff;\">Plus de services<\/span><\/div>\n\r\n\t\t\t<\/div>\r\n\t\t\t<style>@media screen and (max-width: 1023px) {.thegem-vc-text.thegem-custom-69efbcc1892e99981{display: block!important;}}@media screen and (max-width: 767px) {.thegem-vc-text.thegem-custom-69efbcc1892e99981{display: block!important;}}@media screen and (max-width: 1023px) {.thegem-vc-text.thegem-custom-69efbcc1892e99981{position: relative !important;}}@media screen and (max-width: 767px) {.thegem-vc-text.thegem-custom-69efbcc1892e99981{position: relative !important;}}<\/style>\r\n\t\t<\/div>\r\n\t\r\n<div class=\"clearboth\"><\/div><style>#thegem-divider-69efbcc1893b8 {margin-top: 45px !important;}<\/style><div id=\"thegem-divider-69efbcc1893b8\" class=\"gem-divider\" style=\"\" ><\/div>\r\n\t\r\n\t\t<div class=\"wpb_text_column wpb_content_element  thegem-vc-text thegem-custom-69efbcc18947d1021\"  >\r\n\t\t\t<div class=\"wpb_wrapper\">\r\n\t\t\t\t<div class=\"styled-subtitle\"><span style=\"color: #ffffff;\">Consultez les autres services propos\u00e9s par MJM Avocats Fiscalistes Inc. ou contactez-nous directement pour une consultation.<\/span><\/div>\n\r\n\t\t\t<\/div>\r\n\t\t\t<style>@media screen and (max-width: 1023px) {.thegem-vc-text.thegem-custom-69efbcc18947d1021{display: block!important;}}@media screen and (max-width: 767px) {.thegem-vc-text.thegem-custom-69efbcc18947d1021{display: block!important;}}@media screen and (max-width: 1023px) {.thegem-vc-text.thegem-custom-69efbcc18947d1021{position: relative !important;}}@media screen and (max-width: 767px) {.thegem-vc-text.thegem-custom-69efbcc18947d1021{position: relative !important;}}<\/style>\r\n\t\t<\/div>\r\n\t\r\n<div class=\"clearboth\"><\/div><style>#thegem-divider-69efbcc18954a {margin-top: 50px !important;}<\/style><div id=\"thegem-divider-69efbcc18954a\" class=\"gem-divider\" style=\"\" ><\/div><style type=\"text\/css\">.thegem-button-69efbcc1896404707 .gem-button svg {fill: #e1ac53;}.thegem-button-69efbcc1896404707 .gem-button:hover svg {fill: #ffffff;}<\/style><div class=\"gem-button-container gem-button-position-left thegem-button-69efbcc1896404707\"  ><a class=\"gem-button gem-button-size-medium gem-button-style-flat gem-button-text-weight-normal\" data-ll-effect=\"drop-right-without-wrap\" style=\"border-radius: 5px;background-color: #ffffff;color: #e1ac53;\" onmouseleave=\"this.style.backgroundColor='#ffffff';this.style.color='#e1ac53';\" onmouseenter=\"this.style.backgroundColor='#e1ac53';this.style.color='#ffffff';\" href=\"https:\/\/mjmavocat.com\/contact\/\" target=\"_self\">Contactez Nous<\/a><\/div> <div class=\"clearboth\"><\/div><style>#thegem-divider-69efbcc189676 {margin-top: 130px !important;}<\/style><div id=\"thegem-divider-69efbcc189676\" class=\"gem-divider\" style=\"\" ><\/div><\/div><\/div><\/div><\/div><div class=\"vc_row wpb_row vc_inner vc_row-fluid vc_custom_1589548785177 thegem-custom-69efbcc1898d01356 custom-inner-column-69efbcc1898e0\" ><div class=\"wpb_column vc_column_container vc_col-sm-12 thegem-custom-69efbcc189a7f8080 vc_col-has-fill\"><div class=\"vc_column-inner thegem-custom-inner-69efbcc189a81 vc_custom_1636333902267\"><div class=\"wpb_wrapper thegem-custom-69efbcc189a7f8080\"><\/div><\/div><\/div><\/div><\/div><\/div><\/div><div class=\"wpb_column vc_column_container vc_col-sm-12 vc_col-lg-6 vc_col-md-12 thegem-custom-69efbcc189cbd2317\" ><div class=\"vc_column-inner thegem-custom-inner-69efbcc189cbf\"><div class=\"wpb_wrapper thegem-custom-69efbcc189cbd2317\"><div class=\"vc_row wpb_row vc_inner vc_row-fluid vc_custom_1589548785177 thegem-custom-69efbcc189ead3208 custom-inner-column-69efbcc189eba\" ><div class=\"wpb_column vc_column_container vc_col-sm-12 thegem-custom-69efbcc18a07d9362 vc_col-has-fill\"><div class=\"vc_column-inner thegem-custom-inner-69efbcc18a080 vc_custom_1636333795254\"><div class=\"wpb_wrapper thegem-custom-69efbcc18a07d9362\"><\/div><\/div><\/div><\/div><div class=\"vc_row wpb_row vc_inner vc_row-fluid thegem-custom-69efbcc18a2286074 custom-inner-column-69efbcc18a230\" ><div class=\"wpb_column vc_column_container vc_col-sm-6 thegem-custom-69efbcc18a40b2848 vc_col-has-fill\"><div class=\"vc_column-inner thegem-custom-inner-69efbcc18a40d vc_custom_1589893356041\"><div class=\"wpb_wrapper thegem-custom-69efbcc18a40b2848\"><div class=\"clearboth\"><\/div><style>#thegem-divider-69efbcc18a4ac {margin-top: 32px !important;}<\/style><div id=\"thegem-divider-69efbcc18a4ac\" class=\"gem-divider\" style=\"\" ><\/div><div class=\"gem-icon-with-text gem-icon-with-text-icon-size-medium centered-box\" ><div style=\"margin-bottom:0px;margin-top:0px; \" class=\"gem-icon-with-text-icon\"><div class=\"gem-icon gem-icon-pack-material gem-icon-size-medium  gem-icon-shape-square gem-simple-icon\"  style=\"opacity: 1;\"><div class=\"gem-icon-inner\" style=\"\"><span class=\"gem-icon-half-1\" style=\"color: #e1ac53;\"><span class=\"back-angle\">&#xf1b7;<\/span><\/span><span class=\"gem-icon-half-2\" style=\"color: #e1ac53;\"><span class=\"back-angle\">&#xf1b7;<\/span><\/span><\/div><\/div><\/div><div class=\"gem-icon-with-text-content\" ><div class=\"gem-icon-with-text-text\"><\/div><\/div><div class=\"clearboth\"><\/div><\/div><div class=\"clearboth\"><\/div><style>#thegem-divider-69efbcc18a579 {margin-top: 110px !important;}<\/style><div id=\"thegem-divider-69efbcc18a579\" class=\"gem-divider\" style=\"\" ><\/div>\r\n\t\r\n\t\t<div class=\"wpb_text_column wpb_content_element  thegem-vc-text thegem-custom-69efbcc18a6374356\"  >\r\n\t\t\t<div class=\"wpb_wrapper\">\r\n\t\t\t\t<div class=\"title-h5\"><b>Fiscalit\u00e9 et r\u00e9organisation corporative<\/b><\/div>\n\r\n\t\t\t<\/div>\r\n\t\t\t<style>@media screen and (max-width: 1023px) {.thegem-vc-text.thegem-custom-69efbcc18a6374356{display: block!important;}}@media screen and (max-width: 767px) {.thegem-vc-text.thegem-custom-69efbcc18a6374356{display: block!important;}}@media screen and (max-width: 1023px) {.thegem-vc-text.thegem-custom-69efbcc18a6374356{position: relative !important;}}@media screen and (max-width: 767px) {.thegem-vc-text.thegem-custom-69efbcc18a6374356{position: relative !important;}}<\/style>\r\n\t\t<\/div>\r\n\t\r\n<div class=\"clearboth\"><\/div><style>#thegem-divider-69efbcc18a6c9 {margin-top: 10px !important;}<\/style><div id=\"thegem-divider-69efbcc18a6c9\" class=\"gem-divider\" style=\"\" ><\/div>\r\n\t\r\n\t\t<div class=\"wpb_text_column wpb_content_element  thegem-vc-text thegem-custom-69efbcc18a7918626\"  >\r\n\t\t\t<div class=\"wpb_wrapper\">\r\n\t\t\t\t<p style=\"text-align: justify;\">La fiscalit\u00e9 est un domaine complexe qui peut avoir des incidences importantes sur la r\u00e9ussite de toute entreprise ainsi que sur...<\/p>\n\r\n\t\t\t<\/div>\r\n\t\t\t<style>@media screen and (max-width: 1023px) {.thegem-vc-text.thegem-custom-69efbcc18a7918626{display: block!important;}}@media screen and (max-width: 767px) {.thegem-vc-text.thegem-custom-69efbcc18a7918626{display: block!important;}}@media screen and (max-width: 1023px) {.thegem-vc-text.thegem-custom-69efbcc18a7918626{position: relative !important;}}@media screen and (max-width: 767px) {.thegem-vc-text.thegem-custom-69efbcc18a7918626{position: relative !important;}}<\/style>\r\n\t\t<\/div>\r\n\t\r\n<div class=\"clearboth\"><\/div><style>#thegem-divider-69efbcc18a80e {margin-top: 50px !important;}<\/style><div id=\"thegem-divider-69efbcc18a80e\" class=\"gem-divider\" style=\"\" ><\/div><style type=\"text\/css\">.thegem-button-69efbcc18a8d76218 .gem-button svg {fill: #ffffff;}.thegem-button-69efbcc18a8d76218 .gem-button:hover svg {fill: #ffffff;}<\/style><div class=\"gem-button-container gem-button-position-left thegem-button-69efbcc18a8d76218\"  ><a class=\"gem-button gem-button-size-small gem-button-style-flat gem-button-text-weight-normal\" data-ll-effect=\"drop-right-without-wrap\" style=\"border-radius: 26px;background-color: #e1ac53;color: #ffffff;\" onmouseleave=\"this.style.backgroundColor='#e1ac53';this.style.color='#ffffff';\" onmouseenter=\"this.style.backgroundColor='#000000';this.style.color='#ffffff';\" href=\"https:\/\/mjmavocat.com\/services\/tax-planning\/\" target=\"_self\">Plus<\/a><\/div> <div class=\"clearboth\"><\/div><style>#thegem-divider-69efbcc18a908 {margin-top: 75px !important;}<\/style><div id=\"thegem-divider-69efbcc18a908\" class=\"gem-divider\" style=\"\" ><\/div><\/div><\/div><\/div><div class=\"wpb_column vc_column_container vc_col-sm-6 thegem-custom-69efbcc18aa9d9163 vc_col-has-fill\"><div class=\"vc_column-inner thegem-custom-inner-69efbcc18aa9f vc_custom_1589893351403\"><div class=\"wpb_wrapper thegem-custom-69efbcc18aa9d9163\"><div class=\"clearboth\"><\/div><style>#thegem-divider-69efbcc18ab73 {margin-top: 32px !important;}<\/style><div id=\"thegem-divider-69efbcc18ab73\" class=\"gem-divider\" style=\"\" ><\/div><div class=\"gem-icon-with-text gem-icon-with-text-icon-size-medium centered-box\" ><div style=\"margin-bottom:0px;margin-top:0px; \" class=\"gem-icon-with-text-icon\"><div class=\"gem-icon gem-icon-pack-material gem-icon-size-medium  gem-icon-shape-square gem-simple-icon\"  style=\"opacity: 1;\"><div class=\"gem-icon-inner\" style=\"\"><span class=\"gem-icon-half-1\" style=\"color: #e1ac53;\"><span class=\"back-angle\">&#xf1ea;<\/span><\/span><span class=\"gem-icon-half-2\" style=\"color: #e1ac53;\"><span class=\"back-angle\">&#xf1ea;<\/span><\/span><\/div><\/div><\/div><div class=\"gem-icon-with-text-content\" ><div class=\"gem-icon-with-text-text\"><\/div><\/div><div class=\"clearboth\"><\/div><\/div><div class=\"clearboth\"><\/div><style>#thegem-divider-69efbcc18ac39 {margin-top: 110px !important;}<\/style><div id=\"thegem-divider-69efbcc18ac39\" class=\"gem-divider\" style=\"\" ><\/div>\r\n\t\r\n\t\t<div class=\"wpb_text_column wpb_content_element  thegem-vc-text thegem-custom-69efbcc18ad147797\"  >\r\n\t\t\t<div class=\"wpb_wrapper\">\r\n\t\t\t\t<div class=\"title-h5\"><b>Droit des affaires<\/b><\/div>\n\r\n\t\t\t<\/div>\r\n\t\t\t<style>@media screen and (max-width: 1023px) {.thegem-vc-text.thegem-custom-69efbcc18ad147797{display: block!important;}}@media screen and (max-width: 767px) {.thegem-vc-text.thegem-custom-69efbcc18ad147797{display: block!important;}}@media screen and (max-width: 1023px) {.thegem-vc-text.thegem-custom-69efbcc18ad147797{position: relative !important;}}@media screen and (max-width: 767px) {.thegem-vc-text.thegem-custom-69efbcc18ad147797{position: relative !important;}}<\/style>\r\n\t\t<\/div>\r\n\t\r\n<div class=\"clearboth\"><\/div><style>#thegem-divider-69efbcc18adb1 {margin-top: 10px !important;}<\/style><div id=\"thegem-divider-69efbcc18adb1\" class=\"gem-divider\" style=\"\" ><\/div>\r\n\t\r\n\t\t<div class=\"wpb_text_column wpb_content_element  thegem-vc-text thegem-custom-69efbcc18ae4e3647\"  >\r\n\t\t\t<div class=\"wpb_wrapper\">\r\n\t\t\t\t<p style=\"text-align: justify;\">\u00c0 chaque \u00e9tape de la croissance d\u2019une entreprise, diverses transactions peuvent avoir des incidences juridiques et fiscales qui n\u00e9cessitent une...<\/p>\n\r\n\t\t\t<\/div>\r\n\t\t\t<style>@media screen and (max-width: 1023px) {.thegem-vc-text.thegem-custom-69efbcc18ae4e3647{display: block!important;}}@media screen and (max-width: 767px) {.thegem-vc-text.thegem-custom-69efbcc18ae4e3647{display: block!important;}}@media screen and (max-width: 1023px) {.thegem-vc-text.thegem-custom-69efbcc18ae4e3647{position: relative !important;}}@media screen and (max-width: 767px) {.thegem-vc-text.thegem-custom-69efbcc18ae4e3647{position: relative !important;}}<\/style>\r\n\t\t<\/div>\r\n\t\r\n<div class=\"clearboth\"><\/div><style>#thegem-divider-69efbcc18aefe {margin-top: 50px !important;}<\/style><div id=\"thegem-divider-69efbcc18aefe\" class=\"gem-divider\" style=\"\" ><\/div><style type=\"text\/css\">.thegem-button-69efbcc18afca9220 .gem-button svg {fill: #ffffff;}.thegem-button-69efbcc18afca9220 .gem-button:hover svg {fill: #ffffff;}<\/style><div class=\"gem-button-container gem-button-position-left thegem-button-69efbcc18afca9220\"  ><a class=\"gem-button gem-button-size-small gem-button-style-flat gem-button-text-weight-normal\" data-ll-effect=\"drop-right-without-wrap\" style=\"border-radius: 26px;background-color: #e1ac53;color: #ffffff;\" onmouseleave=\"this.style.backgroundColor='#e1ac53';this.style.color='#ffffff';\" onmouseenter=\"this.style.backgroundColor='#000000';this.style.color='#ffffff';\" href=\"https:\/\/mjmavocat.com\/services\/business-law\/\" target=\"_self\">Plus<\/a><\/div> <div class=\"clearboth\"><\/div><style>#thegem-divider-69efbcc18b009 {margin-top: 75px !important;}<\/style><div id=\"thegem-divider-69efbcc18b009\" class=\"gem-divider\" style=\"\" ><\/div><\/div><\/div><\/div><\/div><\/div><\/div><\/div><\/div><div class=\"vc_row-full-width vc_clearfix\"><\/div><div id=\"vc_row-69efbcc18b59b\" class=\"vc_row wpb_row vc_row-fluid thegem-custom-69efbcc18b5815831\"><div class=\"wpb_column vc_column_container vc_col-sm-12 thegem-custom-69efbcc18b7a76158\" ><div class=\"vc_column-inner thegem-custom-inner-69efbcc18b7a9\"><div class=\"wpb_wrapper thegem-custom-69efbcc18b7a76158\"><div class=\"clearboth\"><\/div><style>#thegem-divider-69efbcc18b84b {margin-top: 40px !important;}<\/style><div id=\"thegem-divider-69efbcc18b84b\" class=\"gem-divider\" style=\"\" ><\/div><\/div><\/div><\/div><\/div>\n<\/div>","protected":false},"excerpt":{"rendered":"","protected":false},"author":1,"featured_media":0,"parent":13,"menu_order":1,"comment_status":"closed","ping_status":"closed","template":"","meta":{"footnotes":""},"class_list":["post-3928","page","type-page","status-publish"],"_links":{"self":[{"href":"https:\/\/mjmavocat.com\/fr\/wp-json\/wp\/v2\/pages\/3928","targetHints":{"allow":["GET"]}}],"collection":[{"href":"https:\/\/mjmavocat.com\/fr\/wp-json\/wp\/v2\/pages"}],"about":[{"href":"https:\/\/mjmavocat.com\/fr\/wp-json\/wp\/v2\/types\/page"}],"author":[{"embeddable":true,"href":"https:\/\/mjmavocat.com\/fr\/wp-json\/wp\/v2\/users\/1"}],"replies":[{"embeddable":true,"href":"https:\/\/mjmavocat.com\/fr\/wp-json\/wp\/v2\/comments?post=3928"}],"version-history":[{"count":12,"href":"https:\/\/mjmavocat.com\/fr\/wp-json\/wp\/v2\/pages\/3928\/revisions"}],"predecessor-version":[{"id":4200,"href":"https:\/\/mjmavocat.com\/fr\/wp-json\/wp\/v2\/pages\/3928\/revisions\/4200"}],"up":[{"embeddable":true,"href":"https:\/\/mjmavocat.com\/fr\/wp-json\/wp\/v2\/pages\/13"}],"wp:attachment":[{"href":"https:\/\/mjmavocat.com\/fr\/wp-json\/wp\/v2\/media?parent=3928"}],"curies":[{"name":"wp","href":"https:\/\/api.w.org\/{rel}","templated":true}]}}